{"id":944,"date":"2021-12-07T17:20:24","date_gmt":"2021-12-07T16:20:24","guid":{"rendered":"https:\/\/www.praxis-reidick-scheuren-behr.de\/?page_id=944"},"modified":"2025-06-01T16:02:19","modified_gmt":"2025-06-01T14:02:19","slug":"aktuelles","status":"publish","type":"page","link":"https:\/\/www.praxis-reidick-scheuren-behr.de\/index.php\/aktuelles\/","title":{"rendered":"alt"},"content":{"rendered":"<p>[vc_row][vc_column][vc_column_text]<\/p>\n<h2 style=\"text-align: center;\"><\/h2>\n<h2 style=\"text-align: center;\"><\/h2>\n<p>[\/vc_column_text][vc_column_text][\/vc_column_text][vc_column_text]<\/p>\n<h3 style=\"text-align: center;\"><span style=\"color: #003300;\"><strong>Wichtige Neuerung in unserer Praxis:<\/strong><\/span><\/h3>\n<h3 style=\"text-align: center;\"><strong><span style=\"color: #008000;\">Ab sofort k\u00f6nnen Blutentnahmen f\u00fcr andere<\/span><\/strong><\/h3>\n<h3 style=\"text-align: center;\"><strong><span style=\"color: #008000;\">Facharztpraxen<\/span><\/strong><\/h3>\n<h3 style=\"text-align: center;\"><strong><span style=\"color: #008000;\">(z.B. Kardiologie, Orthop\u00e4die, Neurologie usw.)<\/span><\/strong><\/h3>\n<h3 style=\"text-align: center;\"><span style=\"color: #008000;\"><span style=\"font-size: 19.6px;\"><b>nicht mehr durchgef\u00fchrt werden, sondern m\u00fcssen von der behandelnden Praxis organisiert werden<\/b><\/span><\/span><strong><span style=\"color: #008000;\">.<\/span><\/strong><\/h3>\n<h3 style=\"text-align: center;\"><strong><span style=\"color: #008000;\">AUSNAHME: PatientInnen, welche aktuell eine Chemotherapie und Bestrahlung erhalten oder eine rheumatologische medikament\u00f6se Behandlung bekommen,\u00a0 k\u00f6nnen selbstverst\u00e4ndlich weiter eine Laboruntersuchung bei uns erhalten.<\/span><\/strong><\/h3>\n<h3 style=\"text-align: center;\"><strong><span style=\"color: #008000;\">Wir danken f\u00fcr Ihr Verst\u00e4ndnis.<\/span><\/strong><\/h3>\n<p>[\/vc_column_text][vc_column_text]<\/p>\n<h3 style=\"text-align: center;\"><span style=\"color: #800080;\"><strong>Sehr geehrte PatientInnen,<\/strong><\/span><\/h3>\n<h3 style=\"text-align: center;\"><span style=\"color: #800080;\">Bitte bringen Sie zum vereinbarten Ultraschalltermin ein Handtuch mit. Damit m\u00f6chten wir einen Beitrag zur M\u00fcllreduktion leisten. Vielen Dank f\u00fcr Ihre Kooperation!<\/span><\/h3>\n<p>[\/vc_column_text][vc_row_inner][vc_column_inner width=&#8220;1\/6&#8243;][\/vc_column_inner][vc_column_inner width=&#8220;2\/3&#8243;][vc_column_text]<\/p>\n<h4 style=\"text-align: center;\"><span style=\"color: #800080;\">Wichtige Information: <\/span><\/h4>\n<h4 style=\"text-align: center;\"><span style=\"color: #800080;\"><strong>Eine telefonische Krankmeldung ist\u00a0 grunds\u00e4tzlich nur f\u00fcr maximal 5 Tage m\u00f6glich, wenn die \u00c4rzte anhand der individuellen Situation des Patienten zustimmen und eine Krankenkassenkarte im aktuellen Quartal vorliegt.\u00a0<\/strong><\/span><\/h4>\n<p style=\"text-align: center;\">Wir bitten von weiteren Diskussionen abzusehen<\/p>\n<h4 style=\"text-align: center;\"><span style=\"color: #800080;\"><strong>Au\u00dferdem sollten Patienten mit Erk\u00e4ltungssymptomen weiterhin FFP2 Masken in unserer Praxis tragen, um die anderen Patienten nicht zu gef\u00e4hrden.<\/strong><\/span><\/h4>\n<h4 style=\"text-align: center;\"><span style=\"color: #800080;\"><strong>Vielen Dank f\u00fcr Ihr Verst\u00e4ndnis<\/strong><\/span><\/h4>\n<p>[\/vc_column_text][\/vc_column_inner][vc_column_inner width=&#8220;1\/6&#8243;][\/vc_column_inner][\/vc_row_inner][\/vc_column][\/vc_row][vc_row][vc_column][vc_column_text]<\/p>\n<h3 style=\"text-align: center;\">\u00a0<span style=\"color: #800080;\"><strong>Liebe PatientInnen,<\/strong><\/span><\/h3>\n<h3 style=\"text-align: center;\"><span style=\"color: #800080;\"><strong>Seit dem 1. Juli 2023 haben wir Nachwuchs:<\/strong><\/span><\/h3>\n<h3 style=\"text-align: center;\"><span style=\"color: #800080;\"><strong>Herr Florian Becker verst\u00e4rkt unser \u00c4rzteteam als Weiterbildungsassistent.<\/strong><\/span><\/h3>\n<h3 style=\"text-align: center;\"><span style=\"color: #800080;\"><strong>Wir hei\u00dfen ihn herzlich willkommen<\/strong><\/span><\/h3>\n<p>[\/vc_column_text][vc_empty_space height=&#8220;90px&#8220;][vc_empty_space height=&#8220;70px&#8220;][\/vc_column][\/vc_row][vc_row][vc_column][vc_column_text]\r\n<section class=\"footer-call-to-action\">\r\n    <div class=\"container\">\r\n        <div class=\"row\">\r\n            <div class=\"col-md-9\">\r\n                <h3>Praxis Dres. Reidick &amp; Scheuren &amp; Behr Gr\u00fcnstadt<\/h3>\r\n                <p>Haus\u00e4rztlich-Internistische Praxis<\/p>\r\n            <\/div>\r\n            <div class=\"col-md-3\">\r\n                <a href=\"https:\/\/www.praxis-reidick-scheuren-behr.de\/index.php\/kontakt\/\" class=\"thm-btn inverse pull-right\">KONTAKT AUFNEHMEN<\/a>\r\n            <\/div>\r\n        <\/div>\r\n    <\/div>\r\n<\/section>\r\n\r\n[\/vc_column_text][\/vc_column][\/vc_row][vc_row][vc_column][vc_column_text]<\/p>\n<h3 style=\"text-align: center;\"><span style=\"color: #800080;\">Sehr geehrte PatientInnen,<\/span><\/h3>\n<h3 style=\"text-align: center;\"><span style=\"color: #800080;\">Bitte nutzen Sie bevorzugt unseren Button dieser Webseite f\u00fcr die Rezeptbestellung oder Anforderung einer \u00dcberweisung und holen Sie Ihre Bestellung nach fr\u00fchestens 48 Stunden in unserer Praxis zu den \u00d6ffnungszeiten ab.<\/span><\/h3>\n<h3 style=\"text-align: center;\"><span style=\"color: #800080;\">Bitte haben Sie Verst\u00e4ndnis, dass eine Rezeptanforderung vor Ort mit einer l\u00e4ngeren Wartezeit verbunden ist, da die \u00c4rzte selbstverst\u00e4ndlich die Korrektheit des Rezeptes gewissenhaft pr\u00fcfen m\u00fcssen.<\/span><\/h3>\n<p>[\/vc_column_text][\/vc_column][\/vc_row][vc_row][vc_column][vc_column_text][\/vc_column_text][\/vc_column][\/vc_row]<\/p>\n","protected":false},"excerpt":{"rendered":"<p>[vc_row][vc_column][vc_column_text] [\/vc_column_text][vc_column_text][\/vc_column_text][vc_column_text] Wichtige Neuerung in unserer Praxis: Ab sofort k\u00f6nnen Blutentnahmen f\u00fcr andere Facharztpraxen (z.B. Kardiologie, Orthop\u00e4die, Neurologie usw.) nicht mehr durchgef\u00fchrt werden, sondern m\u00fcssen von der behandelnden Praxis organisiert werden. AUSNAHME: PatientInnen, welche aktuell eine Chemotherapie und Bestrahlung erhalten oder eine rheumatologische medikament\u00f6se Behandlung bekommen,\u00a0 k\u00f6nnen selbstverst\u00e4ndlich weiter eine Laboruntersuchung bei uns erhalten. Wir<\/p>\n","protected":false},"author":1,"featured_media":0,"parent":0,"menu_order":0,"comment_status":"closed","ping_status":"closed","template":"tpl-visual_composer.php","meta":{"footnotes":""},"class_list":["post-944","page","type-page","status-publish","hentry"],"yoast_head":"<!-- This site is optimized with the Yoast SEO plugin v25.3.1 - https:\/\/yoast.com\/wordpress\/plugins\/seo\/ -->\n<title>Aktuelles - Praxis Dr. Reidick, Dr. Scheuren, Dr. Behr. Gr\u00fcnstadt.<\/title>\n<meta name=\"description\" content=\"Aktuelles - Praxis Dr. Reidick, Dr. Scheuren, Dr. Behr, die Arztpraxis am Verladeplatz in Gr\u00fcnstadt im Polimedicum.\" \/>\n<meta name=\"robots\" content=\"index, follow, max-snippet:-1, max-image-preview:large, max-video-preview:-1\" \/>\n<link rel=\"canonical\" href=\"https:\/\/www.praxis-reidick-scheuren-behr.de\/index.php\/aktuelles\/\" \/>\n<meta property=\"og:locale\" content=\"de_DE\" \/>\n<meta property=\"og:type\" content=\"article\" \/>\n<meta property=\"og:title\" content=\"Aktuelles - Praxis Dr. Reidick, Dr. Scheuren, Dr. Behr. Gr\u00fcnstadt.\" \/>\n<meta property=\"og:description\" content=\"Aktuelles - Praxis Dr. Reidick, Dr. Scheuren, Dr. Behr, die Arztpraxis am Verladeplatz in Gr\u00fcnstadt im Polimedicum.\" \/>\n<meta property=\"og:url\" content=\"https:\/\/www.praxis-reidick-scheuren-behr.de\/index.php\/aktuelles\/\" \/>\n<meta property=\"og:site_name\" content=\"Haus\u00e4rztlich-Internistische Praxis Dres. Reidick &amp; Scheuren &amp; Behr - Verladeplatz, Gr\u00fcnstadt, Allgemeinmedizin, Naturheilverfahren, Hom\u00f6opathie, Innere Medizin, Kardiologie\" \/>\n<meta property=\"article:modified_time\" content=\"2025-06-01T14:02:19+00:00\" \/>\n<meta name=\"twitter:card\" content=\"summary_large_image\" \/>\n<meta name=\"twitter:label1\" content=\"Gesch\u00e4tzte Lesezeit\" \/>\n\t<meta name=\"twitter:data1\" content=\"2\u00a0Minuten\" \/>\n<script type=\"application\/ld+json\" class=\"yoast-schema-graph\">{\"@context\":\"https:\/\/schema.org\",\"@graph\":[{\"@type\":\"WebPage\",\"@id\":\"https:\/\/www.praxis-reidick-scheuren-behr.de\/index.php\/aktuelles\/\",\"url\":\"https:\/\/www.praxis-reidick-scheuren-behr.de\/index.php\/aktuelles\/\",\"name\":\"Aktuelles - Praxis Dr. Reidick, Dr. Scheuren, Dr. Behr. Gr\u00fcnstadt.\",\"isPartOf\":{\"@id\":\"https:\/\/www.praxis-reidick-scheuren-behr.de\/#website\"},\"datePublished\":\"2021-12-07T16:20:24+00:00\",\"dateModified\":\"2025-06-01T14:02:19+00:00\",\"description\":\"Aktuelles - Praxis Dr. Reidick, Dr. Scheuren, Dr. Behr, die Arztpraxis am Verladeplatz in Gr\u00fcnstadt im Polimedicum.\",\"breadcrumb\":{\"@id\":\"https:\/\/www.praxis-reidick-scheuren-behr.de\/index.php\/aktuelles\/#breadcrumb\"},\"inLanguage\":\"de\",\"potentialAction\":[{\"@type\":\"ReadAction\",\"target\":[\"https:\/\/www.praxis-reidick-scheuren-behr.de\/index.php\/aktuelles\/\"]}]},{\"@type\":\"BreadcrumbList\",\"@id\":\"https:\/\/www.praxis-reidick-scheuren-behr.de\/index.php\/aktuelles\/#breadcrumb\",\"itemListElement\":[{\"@type\":\"ListItem\",\"position\":1,\"name\":\"Startseite\",\"item\":\"https:\/\/www.praxis-reidick-scheuren-behr.de\/\"},{\"@type\":\"ListItem\",\"position\":2,\"name\":\"alt\"}]},{\"@type\":\"WebSite\",\"@id\":\"https:\/\/www.praxis-reidick-scheuren-behr.de\/#website\",\"url\":\"https:\/\/www.praxis-reidick-scheuren-behr.de\/\",\"name\":\"Haus\u00e4rztlich-Internistische Praxis Dres. Reidick &amp; Scheuren &amp; Behr - Verladeplatz, Gr\u00fcnstadt, Allgemeinmedizin, Naturheilverfahren, Hom\u00f6opathie, Innere Medizin, Kardiologie\",\"description\":\"\",\"potentialAction\":[{\"@type\":\"SearchAction\",\"target\":{\"@type\":\"EntryPoint\",\"urlTemplate\":\"https:\/\/www.praxis-reidick-scheuren-behr.de\/?s={search_term_string}\"},\"query-input\":{\"@type\":\"PropertyValueSpecification\",\"valueRequired\":true,\"valueName\":\"search_term_string\"}}],\"inLanguage\":\"de\"}]}<\/script>\n<!-- \/ Yoast SEO plugin. -->","yoast_head_json":{"title":"Aktuelles - Praxis Dr. Reidick, Dr. Scheuren, Dr. Behr. Gr\u00fcnstadt.","description":"Aktuelles - Praxis Dr. Reidick, Dr. Scheuren, Dr. Behr, die Arztpraxis am Verladeplatz in Gr\u00fcnstadt im Polimedicum.","robots":{"index":"index","follow":"follow","max-snippet":"max-snippet:-1","max-image-preview":"max-image-preview:large","max-video-preview":"max-video-preview:-1"},"canonical":"https:\/\/www.praxis-reidick-scheuren-behr.de\/index.php\/aktuelles\/","og_locale":"de_DE","og_type":"article","og_title":"Aktuelles - Praxis Dr. Reidick, Dr. Scheuren, Dr. Behr. Gr\u00fcnstadt.","og_description":"Aktuelles - Praxis Dr. Reidick, Dr. Scheuren, Dr. Behr, die Arztpraxis am Verladeplatz in Gr\u00fcnstadt im Polimedicum.","og_url":"https:\/\/www.praxis-reidick-scheuren-behr.de\/index.php\/aktuelles\/","og_site_name":"Haus\u00e4rztlich-Internistische Praxis Dres. Reidick &amp; Scheuren &amp; Behr - Verladeplatz, Gr\u00fcnstadt, Allgemeinmedizin, Naturheilverfahren, Hom\u00f6opathie, Innere Medizin, Kardiologie","article_modified_time":"2025-06-01T14:02:19+00:00","twitter_card":"summary_large_image","twitter_misc":{"Gesch\u00e4tzte Lesezeit":"2\u00a0Minuten"},"schema":{"@context":"https:\/\/schema.org","@graph":[{"@type":"WebPage","@id":"https:\/\/www.praxis-reidick-scheuren-behr.de\/index.php\/aktuelles\/","url":"https:\/\/www.praxis-reidick-scheuren-behr.de\/index.php\/aktuelles\/","name":"Aktuelles - Praxis Dr. Reidick, Dr. Scheuren, Dr. Behr. Gr\u00fcnstadt.","isPartOf":{"@id":"https:\/\/www.praxis-reidick-scheuren-behr.de\/#website"},"datePublished":"2021-12-07T16:20:24+00:00","dateModified":"2025-06-01T14:02:19+00:00","description":"Aktuelles - Praxis Dr. Reidick, Dr. Scheuren, Dr. Behr, die Arztpraxis am Verladeplatz in Gr\u00fcnstadt im Polimedicum.","breadcrumb":{"@id":"https:\/\/www.praxis-reidick-scheuren-behr.de\/index.php\/aktuelles\/#breadcrumb"},"inLanguage":"de","potentialAction":[{"@type":"ReadAction","target":["https:\/\/www.praxis-reidick-scheuren-behr.de\/index.php\/aktuelles\/"]}]},{"@type":"BreadcrumbList","@id":"https:\/\/www.praxis-reidick-scheuren-behr.de\/index.php\/aktuelles\/#breadcrumb","itemListElement":[{"@type":"ListItem","position":1,"name":"Startseite","item":"https:\/\/www.praxis-reidick-scheuren-behr.de\/"},{"@type":"ListItem","position":2,"name":"alt"}]},{"@type":"WebSite","@id":"https:\/\/www.praxis-reidick-scheuren-behr.de\/#website","url":"https:\/\/www.praxis-reidick-scheuren-behr.de\/","name":"Haus\u00e4rztlich-Internistische Praxis Dres. Reidick &amp; Scheuren &amp; Behr - Verladeplatz, Gr\u00fcnstadt, Allgemeinmedizin, Naturheilverfahren, Hom\u00f6opathie, Innere Medizin, Kardiologie","description":"","potentialAction":[{"@type":"SearchAction","target":{"@type":"EntryPoint","urlTemplate":"https:\/\/www.praxis-reidick-scheuren-behr.de\/?s={search_term_string}"},"query-input":{"@type":"PropertyValueSpecification","valueRequired":true,"valueName":"search_term_string"}}],"inLanguage":"de"}]}},"_links":{"self":[{"href":"https:\/\/www.praxis-reidick-scheuren-behr.de\/index.php\/wp-json\/wp\/v2\/pages\/944","targetHints":{"allow":["GET"]}}],"collection":[{"href":"https:\/\/www.praxis-reidick-scheuren-behr.de\/index.php\/wp-json\/wp\/v2\/pages"}],"about":[{"href":"https:\/\/www.praxis-reidick-scheuren-behr.de\/index.php\/wp-json\/wp\/v2\/types\/page"}],"author":[{"embeddable":true,"href":"https:\/\/www.praxis-reidick-scheuren-behr.de\/index.php\/wp-json\/wp\/v2\/users\/1"}],"replies":[{"embeddable":true,"href":"https:\/\/www.praxis-reidick-scheuren-behr.de\/index.php\/wp-json\/wp\/v2\/comments?post=944"}],"version-history":[{"count":84,"href":"https:\/\/www.praxis-reidick-scheuren-behr.de\/index.php\/wp-json\/wp\/v2\/pages\/944\/revisions"}],"predecessor-version":[{"id":1294,"href":"https:\/\/www.praxis-reidick-scheuren-behr.de\/index.php\/wp-json\/wp\/v2\/pages\/944\/revisions\/1294"}],"wp:attachment":[{"href":"https:\/\/www.praxis-reidick-scheuren-behr.de\/index.php\/wp-json\/wp\/v2\/media?parent=944"}],"curies":[{"name":"wp","href":"https:\/\/api.w.org\/{rel}","templated":true}]}}