{"id":934,"date":"2021-12-06T15:04:10","date_gmt":"2021-12-06T14:04:10","guid":{"rendered":"https:\/\/www.praxis-reidick-scheuren-behr.de\/?page_id=934"},"modified":"2021-12-06T15:04:10","modified_gmt":"2021-12-06T14:04:10","slug":"urologie","status":"publish","type":"page","link":"https:\/\/www.praxis-reidick-scheuren-behr.de\/index.php\/urologie\/","title":{"rendered":"Urologie"},"content":{"rendered":"<p>[vc_row][vc_column][vc_empty_space height=&#8220;90px&#8220;][\/vc_column][\/vc_row][vc_row][vc_column width=&#8220;1\/2&#8243;][vc_raw_html]JTIwJTIwJTIwJTIwJTIwJTIwJTIwJTIwJTIwJTIwJTIwJTIwJTIwJTIwJTIwJTBBJTIwJTIwJTIwJTIwJTIwJTIwJTIwJTIwJTIwJTIwJTIwJTIwJTIwJTIwJTIwJTIwJTNDZGl2JTIwY2xhc3MlM0QlMjJzaW5nbGUtc3BlY2lhbGl6ZSUyMHRleHQtY2VudGVyJTIyJTNFJTBBJTIwJTIwJTIwJTIwJTIwJTIwJTIwJTIwJTIwJTIwJTIwJTIwJTIwJTIwJTIwJTIwJTIwJTIwJTIwJTIwJTNDZGl2JTIwY2xhc3MlM0QlMjJpY29uLWJveCUyMiUzRSUwQSUyMCUyMCUyMCUyMCUyMCUyMCUyMCUyMCUyMCUyMCUyMCUyMCUyMCUyMCUyMCUyMCUyMCUyMCUyMCUyMCUyMCUyMCUyMCUyMCUzQ2klMjBjbGFzcyUzRCUyMmZsYXRpY29uLW1lZGljYWwtMSUyMiUzRSUzQyUyRmklM0UlMEElMjAlMjAlMjAlMjAlMjAlMjAlMjAlMjAlMjAlMjAlMjAlMjAlMjAlMjAlMjAlMjAlMjAlMjAlMjAlMjAlM0MlMkZkaXYlM0UlMEElMjAlMjAlMjAlMjAlMjAlMjAlMjAlMjAlMjAlMjAlMjAlMjAlMjAlMjAlMjAlMjAlMjAlMjAlMjAlMjAlM0NoMyUzRVVyb2xvZ2lzY2hlJTIwQmVyYXR1bmclMkZEaWFnbm9zdGlrJTJGVGhlcmFwaWUlM0MlMkZoMyUzRSUwQSUyMCUyMCUyMCUyMCUyMCUyMCUyMCUyMCUyMCUyMCUyMCUyMCUyMCUyMCUyMCUyMCUzQyUyRmRpdiUzRSUwQQ==[\/vc_raw_html][\/vc_column][vc_column width=&#8220;1\/2&#8243;][vc_column_text]<span style=\"color: #8331a4;\">\u2022<\/span> Urologische Vorsorge (alle Kassen)<br \/>\n<span style=\"color: #8331a4;\">\u2022<\/span> Transrektaler Ultraschall, TRUS (alle Kassen)<br \/>\n<span style=\"color: #8331a4;\">\u2022<\/span> Ultraschall von Niere, Blase, Prostata (alle Kassen)<br \/>\n<span style=\"color: #8331a4;\">\u2022<\/span> Urinuntersuchungen (alle Kassen)<br \/>\n<span style=\"color: #8331a4;\">\u2022<\/span> Beratung, Diagnostik und Therapie bei Inkontinenz und Harnwegsinfekten (alle Kassen)<br \/>\n<span style=\"color: #8331a4;\">\u2022<\/span> Abkl\u00e4rung und Behandlung von neurologischen Blasenst\u00f6rungen<br \/>\n<span style=\"color: #8331a4;\">\u2022<\/span> Beratung und Therapie bei Potenzst\u00f6rungen (IGELLEISTUNG)<br \/>\n<span style=\"color: #8331a4;\">\u2022<\/span> Blasensp\u00fclung mit Chemotherapie oder zur Behandlung von Harnwegsinfekten (private Leistung)[\/vc_column_text][\/vc_column][\/vc_row][vc_row][vc_column][vc_empty_space height=&#8220;70px&#8220;][\/vc_column][\/vc_row][vc_row][vc_column]\r\n<section class=\"footer-call-to-action\">\r\n    <div class=\"container\">\r\n        <div class=\"row\">\r\n            <div class=\"col-md-9\">\r\n                <h3>Praxis Dres. Reidick &amp; Scheuren &amp; Behr Gr\u00fcnstadt<\/h3>\r\n                <p>Haus\u00e4rztlich-Internistische Praxis<\/p>\r\n            <\/div>\r\n            <div class=\"col-md-3\">\r\n                <a href=\"https:\/\/www.praxis-reidick-scheuren-behr.de\/index.php\/kontakt\/\" class=\"thm-btn inverse pull-right\">KONTAKT AUFNEHMEN<\/a>\r\n            <\/div>\r\n        <\/div>\r\n    <\/div>\r\n<\/section>\r\n\r\n[\/vc_column][\/vc_row]<\/p>\n","protected":false},"excerpt":{"rendered":"<p>[vc_row][vc_column][vc_empty_space height=&#8220;90px&#8220;][\/vc_column][\/vc_row][vc_row][vc_column width=&#8220;1\/2&#8243;][vc_raw_html]JTIwJTIwJTIwJTIwJTIwJTIwJTIwJTIwJTIwJTIwJTIwJTIwJTIwJTIwJTIwJTBBJTIwJTIwJTIwJTIwJTIwJTIwJTIwJTIwJTIwJTIwJTIwJTIwJTIwJTIwJTIwJTIwJTNDZGl2JTIwY2xhc3MlM0QlMjJzaW5nbGUtc3BlY2lhbGl6ZSUyMHRleHQtY2VudGVyJTIyJTNFJTBBJTIwJTIwJTIwJTIwJTIwJTIwJTIwJTIwJTIwJTIwJTIwJTIwJTIwJTIwJTIwJTIwJTIwJTIwJTIwJTIwJTNDZGl2JTIwY2xhc3MlM0QlMjJpY29uLWJveCUyMiUzRSUwQSUyMCUyMCUyMCUyMCUyMCUyMCUyMCUyMCUyMCUyMCUyMCUyMCUyMCUyMCUyMCUyMCUyMCUyMCUyMCUyMCUyMCUyMCUyMCUyMCUzQ2klMjBjbGFzcyUzRCUyMmZsYXRpY29uLW1lZGljYWwtMSUyMiUzRSUzQyUyRmklM0UlMEElMjAlMjAlMjAlMjAlMjAlMjAlMjAlMjAlMjAlMjAlMjAlMjAlMjAlMjAlMjAlMjAlMjAlMjAlMjAlMjAlM0MlMkZkaXYlM0UlMEElMjAlMjAlMjAlMjAlMjAlMjAlMjAlMjAlMjAlMjAlMjAlMjAlMjAlMjAlMjAlMjAlMjAlMjAlMjAlMjAlM0NoMyUzRVVyb2xvZ2lzY2hlJTIwQmVyYXR1bmclMkZEaWFnbm9zdGlrJTJGVGhlcmFwaWUlM0MlMkZoMyUzRSUwQSUyMCUyMCUyMCUyMCUyMCUyMCUyMCUyMCUyMCUyMCUyMCUyMCUyMCUyMCUyMCUyMCUzQyUyRmRpdiUzRSUwQQ==[\/vc_raw_html][\/vc_column][vc_column width=&#8220;1\/2&#8243;][vc_column_text]\u2022 Urologische Vorsorge (alle Kassen) \u2022 Transrektaler Ultraschall, TRUS (alle Kassen) \u2022 Ultraschall von Niere, Blase, Prostata (alle Kassen) \u2022 Urinuntersuchungen (alle Kassen) \u2022 Beratung, Diagnostik und Therapie bei Inkontinenz und Harnwegsinfekten (alle Kassen) \u2022 Abkl\u00e4rung und Behandlung von neurologischen Blasenst\u00f6rungen \u2022 Beratung und Therapie bei Potenzst\u00f6rungen (IGELLEISTUNG) \u2022 Blasensp\u00fclung mit Chemotherapie<\/p>\n","protected":false},"author":1,"featured_media":0,"parent":0,"menu_order":0,"comment_status":"closed","ping_status":"closed","template":"tpl-visual_composer.php","meta":{"footnotes":""},"class_list":["post-934","page","type-page","status-publish","hentry"],"yoast_head":"<!-- This site is optimized with the Yoast SEO plugin v25.3.1 - https:\/\/yoast.com\/wordpress\/plugins\/seo\/ -->\n<title>Urologie - Haus\u00e4rztlich-Internistische Praxis Dres. Reidick &amp; Scheuren &amp; Behr - Verladeplatz, Gr\u00fcnstadt, Allgemeinmedizin, Naturheilverfahren, Hom\u00f6opathie, Innere Medizin, Kardiologie<\/title>\n<meta name=\"robots\" content=\"index, follow, max-snippet:-1, max-image-preview:large, max-video-preview:-1\" \/>\n<link rel=\"canonical\" href=\"https:\/\/www.praxis-reidick-scheuren-behr.de\/index.php\/urologie\/\" \/>\n<meta property=\"og:locale\" content=\"de_DE\" \/>\n<meta property=\"og:type\" content=\"article\" \/>\n<meta property=\"og:title\" content=\"Urologie - Haus\u00e4rztlich-Internistische Praxis Dres. Reidick &amp; Scheuren &amp; Behr - Verladeplatz, Gr\u00fcnstadt, Allgemeinmedizin, Naturheilverfahren, Hom\u00f6opathie, Innere Medizin, Kardiologie\" \/>\n<meta property=\"og:description\" content=\"[vc_row][vc_column][vc_empty_space height=&#8220;90px&#8220;][\/vc_column][\/vc_row][vc_row][vc_column width=&#8220;1\/2&#8243;][vc_raw_html]JTIwJTIwJTIwJTIwJTIwJTIwJTIwJTIwJTIwJTIwJTIwJTIwJTIwJTIwJTIwJTBBJTIwJTIwJTIwJTIwJTIwJTIwJTIwJTIwJTIwJTIwJTIwJTIwJTIwJTIwJTIwJTIwJTNDZGl2JTIwY2xhc3MlM0QlMjJzaW5nbGUtc3BlY2lhbGl6ZSUyMHRleHQtY2VudGVyJTIyJTNFJTBBJTIwJTIwJTIwJTIwJTIwJTIwJTIwJTIwJTIwJTIwJTIwJTIwJTIwJTIwJTIwJTIwJTIwJTIwJTIwJTIwJTNDZGl2JTIwY2xhc3MlM0QlMjJpY29uLWJveCUyMiUzRSUwQSUyMCUyMCUyMCUyMCUyMCUyMCUyMCUyMCUyMCUyMCUyMCUyMCUyMCUyMCUyMCUyMCUyMCUyMCUyMCUyMCUyMCUyMCUyMCUyMCUzQ2klMjBjbGFzcyUzRCUyMmZsYXRpY29uLW1lZGljYWwtMSUyMiUzRSUzQyUyRmklM0UlMEElMjAlMjAlMjAlMjAlMjAlMjAlMjAlMjAlMjAlMjAlMjAlMjAlMjAlMjAlMjAlMjAlMjAlMjAlMjAlMjAlM0MlMkZkaXYlM0UlMEElMjAlMjAlMjAlMjAlMjAlMjAlMjAlMjAlMjAlMjAlMjAlMjAlMjAlMjAlMjAlMjAlMjAlMjAlMjAlMjAlM0NoMyUzRVVyb2xvZ2lzY2hlJTIwQmVyYXR1bmclMkZEaWFnbm9zdGlrJTJGVGhlcmFwaWUlM0MlMkZoMyUzRSUwQSUyMCUyMCUyMCUyMCUyMCUyMCUyMCUyMCUyMCUyMCUyMCUyMCUyMCUyMCUyMCUyMCUzQyUyRmRpdiUzRSUwQQ==[\/vc_raw_html][\/vc_column][vc_column width=&#8220;1\/2&#8243;][vc_column_text]\u2022 Urologische Vorsorge (alle Kassen) \u2022 Transrektaler Ultraschall, TRUS (alle Kassen) \u2022 Ultraschall von Niere, Blase, Prostata (alle Kassen) \u2022 Urinuntersuchungen (alle Kassen) \u2022 Beratung, Diagnostik und Therapie bei Inkontinenz und Harnwegsinfekten (alle Kassen) \u2022 Abkl\u00e4rung und Behandlung von neurologischen Blasenst\u00f6rungen \u2022 Beratung und Therapie bei Potenzst\u00f6rungen (IGELLEISTUNG) \u2022 Blasensp\u00fclung mit Chemotherapie\" \/>\n<meta property=\"og:url\" content=\"https:\/\/www.praxis-reidick-scheuren-behr.de\/index.php\/urologie\/\" \/>\n<meta property=\"og:site_name\" content=\"Haus\u00e4rztlich-Internistische Praxis Dres. Reidick &amp; Scheuren &amp; Behr - Verladeplatz, Gr\u00fcnstadt, Allgemeinmedizin, Naturheilverfahren, Hom\u00f6opathie, Innere Medizin, Kardiologie\" \/>\n<meta name=\"twitter:card\" content=\"summary_large_image\" \/>\n<meta name=\"twitter:label1\" content=\"Gesch\u00e4tzte Lesezeit\" \/>\n\t<meta name=\"twitter:data1\" content=\"1\u00a0Minute\" \/>\n<script type=\"application\/ld+json\" class=\"yoast-schema-graph\">{\"@context\":\"https:\/\/schema.org\",\"@graph\":[{\"@type\":\"WebPage\",\"@id\":\"https:\/\/www.praxis-reidick-scheuren-behr.de\/index.php\/urologie\/\",\"url\":\"https:\/\/www.praxis-reidick-scheuren-behr.de\/index.php\/urologie\/\",\"name\":\"Urologie - Haus\u00e4rztlich-Internistische Praxis Dres. Reidick &amp; Scheuren &amp; Behr - Verladeplatz, Gr\u00fcnstadt, Allgemeinmedizin, Naturheilverfahren, Hom\u00f6opathie, Innere Medizin, Kardiologie\",\"isPartOf\":{\"@id\":\"https:\/\/www.praxis-reidick-scheuren-behr.de\/#website\"},\"datePublished\":\"2021-12-06T14:04:10+00:00\",\"breadcrumb\":{\"@id\":\"https:\/\/www.praxis-reidick-scheuren-behr.de\/index.php\/urologie\/#breadcrumb\"},\"inLanguage\":\"de\",\"potentialAction\":[{\"@type\":\"ReadAction\",\"target\":[\"https:\/\/www.praxis-reidick-scheuren-behr.de\/index.php\/urologie\/\"]}]},{\"@type\":\"BreadcrumbList\",\"@id\":\"https:\/\/www.praxis-reidick-scheuren-behr.de\/index.php\/urologie\/#breadcrumb\",\"itemListElement\":[{\"@type\":\"ListItem\",\"position\":1,\"name\":\"Startseite\",\"item\":\"https:\/\/www.praxis-reidick-scheuren-behr.de\/\"},{\"@type\":\"ListItem\",\"position\":2,\"name\":\"Urologie\"}]},{\"@type\":\"WebSite\",\"@id\":\"https:\/\/www.praxis-reidick-scheuren-behr.de\/#website\",\"url\":\"https:\/\/www.praxis-reidick-scheuren-behr.de\/\",\"name\":\"Haus\u00e4rztlich-Internistische Praxis Dres. Reidick &amp; Scheuren &amp; Behr - Verladeplatz, Gr\u00fcnstadt, Allgemeinmedizin, Naturheilverfahren, Hom\u00f6opathie, Innere Medizin, Kardiologie\",\"description\":\"\",\"potentialAction\":[{\"@type\":\"SearchAction\",\"target\":{\"@type\":\"EntryPoint\",\"urlTemplate\":\"https:\/\/www.praxis-reidick-scheuren-behr.de\/?s={search_term_string}\"},\"query-input\":{\"@type\":\"PropertyValueSpecification\",\"valueRequired\":true,\"valueName\":\"search_term_string\"}}],\"inLanguage\":\"de\"}]}<\/script>\n<!-- \/ Yoast SEO plugin. -->","yoast_head_json":{"title":"Urologie - Haus\u00e4rztlich-Internistische Praxis Dres. Reidick &amp; Scheuren &amp; Behr - Verladeplatz, Gr\u00fcnstadt, Allgemeinmedizin, Naturheilverfahren, Hom\u00f6opathie, Innere Medizin, Kardiologie","robots":{"index":"index","follow":"follow","max-snippet":"max-snippet:-1","max-image-preview":"max-image-preview:large","max-video-preview":"max-video-preview:-1"},"canonical":"https:\/\/www.praxis-reidick-scheuren-behr.de\/index.php\/urologie\/","og_locale":"de_DE","og_type":"article","og_title":"Urologie - Haus\u00e4rztlich-Internistische Praxis Dres. Reidick &amp; Scheuren &amp; Behr - Verladeplatz, Gr\u00fcnstadt, Allgemeinmedizin, Naturheilverfahren, Hom\u00f6opathie, Innere Medizin, Kardiologie","og_description":"[vc_row][vc_column][vc_empty_space height=&#8220;90px&#8220;][\/vc_column][\/vc_row][vc_row][vc_column width=&#8220;1\/2&#8243;][vc_raw_html]JTIwJTIwJTIwJTIwJTIwJTIwJTIwJTIwJTIwJTIwJTIwJTIwJTIwJTIwJTIwJTBBJTIwJTIwJTIwJTIwJTIwJTIwJTIwJTIwJTIwJTIwJTIwJTIwJTIwJTIwJTIwJTIwJTNDZGl2JTIwY2xhc3MlM0QlMjJzaW5nbGUtc3BlY2lhbGl6ZSUyMHRleHQtY2VudGVyJTIyJTNFJTBBJTIwJTIwJTIwJTIwJTIwJTIwJTIwJTIwJTIwJTIwJTIwJTIwJTIwJTIwJTIwJTIwJTIwJTIwJTIwJTIwJTNDZGl2JTIwY2xhc3MlM0QlMjJpY29uLWJveCUyMiUzRSUwQSUyMCUyMCUyMCUyMCUyMCUyMCUyMCUyMCUyMCUyMCUyMCUyMCUyMCUyMCUyMCUyMCUyMCUyMCUyMCUyMCUyMCUyMCUyMCUyMCUzQ2klMjBjbGFzcyUzRCUyMmZsYXRpY29uLW1lZGljYWwtMSUyMiUzRSUzQyUyRmklM0UlMEElMjAlMjAlMjAlMjAlMjAlMjAlMjAlMjAlMjAlMjAlMjAlMjAlMjAlMjAlMjAlMjAlMjAlMjAlMjAlMjAlM0MlMkZkaXYlM0UlMEElMjAlMjAlMjAlMjAlMjAlMjAlMjAlMjAlMjAlMjAlMjAlMjAlMjAlMjAlMjAlMjAlMjAlMjAlMjAlMjAlM0NoMyUzRVVyb2xvZ2lzY2hlJTIwQmVyYXR1bmclMkZEaWFnbm9zdGlrJTJGVGhlcmFwaWUlM0MlMkZoMyUzRSUwQSUyMCUyMCUyMCUyMCUyMCUyMCUyMCUyMCUyMCUyMCUyMCUyMCUyMCUyMCUyMCUyMCUzQyUyRmRpdiUzRSUwQQ==[\/vc_raw_html][\/vc_column][vc_column width=&#8220;1\/2&#8243;][vc_column_text]\u2022 Urologische Vorsorge (alle Kassen) \u2022 Transrektaler Ultraschall, TRUS (alle Kassen) \u2022 Ultraschall von Niere, Blase, Prostata (alle Kassen) \u2022 Urinuntersuchungen (alle Kassen) \u2022 Beratung, Diagnostik und Therapie bei Inkontinenz und Harnwegsinfekten (alle Kassen) \u2022 Abkl\u00e4rung und Behandlung von neurologischen Blasenst\u00f6rungen \u2022 Beratung und Therapie bei Potenzst\u00f6rungen (IGELLEISTUNG) \u2022 Blasensp\u00fclung mit Chemotherapie","og_url":"https:\/\/www.praxis-reidick-scheuren-behr.de\/index.php\/urologie\/","og_site_name":"Haus\u00e4rztlich-Internistische Praxis Dres. Reidick &amp; Scheuren &amp; Behr - Verladeplatz, Gr\u00fcnstadt, Allgemeinmedizin, Naturheilverfahren, Hom\u00f6opathie, Innere Medizin, Kardiologie","twitter_card":"summary_large_image","twitter_misc":{"Gesch\u00e4tzte Lesezeit":"1\u00a0Minute"},"schema":{"@context":"https:\/\/schema.org","@graph":[{"@type":"WebPage","@id":"https:\/\/www.praxis-reidick-scheuren-behr.de\/index.php\/urologie\/","url":"https:\/\/www.praxis-reidick-scheuren-behr.de\/index.php\/urologie\/","name":"Urologie - Haus\u00e4rztlich-Internistische Praxis Dres. Reidick &amp; Scheuren &amp; Behr - Verladeplatz, Gr\u00fcnstadt, Allgemeinmedizin, Naturheilverfahren, Hom\u00f6opathie, Innere Medizin, Kardiologie","isPartOf":{"@id":"https:\/\/www.praxis-reidick-scheuren-behr.de\/#website"},"datePublished":"2021-12-06T14:04:10+00:00","breadcrumb":{"@id":"https:\/\/www.praxis-reidick-scheuren-behr.de\/index.php\/urologie\/#breadcrumb"},"inLanguage":"de","potentialAction":[{"@type":"ReadAction","target":["https:\/\/www.praxis-reidick-scheuren-behr.de\/index.php\/urologie\/"]}]},{"@type":"BreadcrumbList","@id":"https:\/\/www.praxis-reidick-scheuren-behr.de\/index.php\/urologie\/#breadcrumb","itemListElement":[{"@type":"ListItem","position":1,"name":"Startseite","item":"https:\/\/www.praxis-reidick-scheuren-behr.de\/"},{"@type":"ListItem","position":2,"name":"Urologie"}]},{"@type":"WebSite","@id":"https:\/\/www.praxis-reidick-scheuren-behr.de\/#website","url":"https:\/\/www.praxis-reidick-scheuren-behr.de\/","name":"Haus\u00e4rztlich-Internistische Praxis Dres. Reidick &amp; Scheuren &amp; Behr - Verladeplatz, Gr\u00fcnstadt, Allgemeinmedizin, Naturheilverfahren, Hom\u00f6opathie, Innere Medizin, Kardiologie","description":"","potentialAction":[{"@type":"SearchAction","target":{"@type":"EntryPoint","urlTemplate":"https:\/\/www.praxis-reidick-scheuren-behr.de\/?s={search_term_string}"},"query-input":{"@type":"PropertyValueSpecification","valueRequired":true,"valueName":"search_term_string"}}],"inLanguage":"de"}]}},"_links":{"self":[{"href":"https:\/\/www.praxis-reidick-scheuren-behr.de\/index.php\/wp-json\/wp\/v2\/pages\/934","targetHints":{"allow":["GET"]}}],"collection":[{"href":"https:\/\/www.praxis-reidick-scheuren-behr.de\/index.php\/wp-json\/wp\/v2\/pages"}],"about":[{"href":"https:\/\/www.praxis-reidick-scheuren-behr.de\/index.php\/wp-json\/wp\/v2\/types\/page"}],"author":[{"embeddable":true,"href":"https:\/\/www.praxis-reidick-scheuren-behr.de\/index.php\/wp-json\/wp\/v2\/users\/1"}],"replies":[{"embeddable":true,"href":"https:\/\/www.praxis-reidick-scheuren-behr.de\/index.php\/wp-json\/wp\/v2\/comments?post=934"}],"version-history":[{"count":1,"href":"https:\/\/www.praxis-reidick-scheuren-behr.de\/index.php\/wp-json\/wp\/v2\/pages\/934\/revisions"}],"predecessor-version":[{"id":935,"href":"https:\/\/www.praxis-reidick-scheuren-behr.de\/index.php\/wp-json\/wp\/v2\/pages\/934\/revisions\/935"}],"wp:attachment":[{"href":"https:\/\/www.praxis-reidick-scheuren-behr.de\/index.php\/wp-json\/wp\/v2\/media?parent=934"}],"curies":[{"name":"wp","href":"https:\/\/api.w.org\/{rel}","templated":true}]}}