{"id":762,"date":"2021-11-30T18:50:09","date_gmt":"2021-11-30T17:50:09","guid":{"rendered":"https:\/\/www.praxis-reidick-scheuren-behr.de\/?page_id=762"},"modified":"2021-12-06T15:43:52","modified_gmt":"2021-12-06T14:43:52","slug":"vorsorgeprofile","status":"publish","type":"page","link":"https:\/\/www.praxis-reidick-scheuren-behr.de\/index.php\/vorsorgeprofile\/","title":{"rendered":"Vorsorgeprofile"},"content":{"rendered":"<p>[vc_row][vc_column width=&#8220;1\/6&#8243;][\/vc_column][vc_column width=&#8220;2\/3&#8243;][vc_empty_space height=&#8220;90px&#8220;][vc_column_text]<\/p>\n<h4 style=\"text-align: center;\"><strong>Vorsorgeprofile<\/strong><\/h4>\n<p>&nbsp;<\/p>\n<p style=\"text-align: center;\">Das Herzinfarkt- und Schlaganfallrisiko: Die Arteriosklerose (Arterienverkalkung) ist die am meisten verbreitete Zivilisationskrankheit. Durch den Verschluss der Arterien kann es zum Herzinfarkt oder Schlaganfall kommen. Man kann auf vielf\u00e4ltige Art und Weise vorbeugen. U.a. gibt es eine Reihe von Laboruntersuchungen die auf eine Arteriosklerose hindeuten. Mit Hilfe dieser Werte k\u00f6nnen wir Ihr pers\u00f6nliches Arteriosklerose-Risiko zuverl\u00e4ssig einsch\u00e4tzen.<\/p>\n<p style=\"text-align: center;\">Weitere Profile:<br \/>\n\u2022 Stressprofil<br \/>\n\u2022 Immunstatus<br \/>\n\u2022 Anti-Aging-Hormonprofil f\u00fcr den Mann<br \/>\n\u2022 Vitamin-Mineralstoff-Analysen<br \/>\n\u2022 PSA (Test auf Prostatakrebs)<br \/>\n\u2022 Mangelsyndrom \/ M\u00fcdigkeit<br \/>\n\u2022 u.a.<\/p>\n<p>[\/vc_column_text][\/vc_column][vc_column width=&#8220;1\/6&#8243;][\/vc_column][\/vc_row][vc_row][vc_column][vc_empty_space height=&#8220;70px&#8220;][\/vc_column][\/vc_row][vc_row][vc_column]\r\n<section class=\"footer-call-to-action\">\r\n    <div class=\"container\">\r\n        <div class=\"row\">\r\n            <div class=\"col-md-9\">\r\n                <h3>Praxis Dres. Reidick &amp; Scheuren &amp; Behr Gr\u00fcnstadt<\/h3>\r\n                <p>Haus\u00e4rztlich-Internistische Praxis<\/p>\r\n            <\/div>\r\n            <div class=\"col-md-3\">\r\n                <a href=\"https:\/\/www.praxis-reidick-scheuren-behr.de\/index.php\/kontakt\/\" class=\"thm-btn inverse pull-right\">KONTAKT AUFNEHMEN<\/a>\r\n            <\/div>\r\n        <\/div>\r\n    <\/div>\r\n<\/section>\r\n\r\n[\/vc_column][\/vc_row]<\/p>\n","protected":false},"excerpt":{"rendered":"<p>[vc_row][vc_column width=&#8220;1\/6&#8243;][\/vc_column][vc_column width=&#8220;2\/3&#8243;][vc_empty_space height=&#8220;90px&#8220;][vc_column_text] Vorsorgeprofile &nbsp; Das Herzinfarkt- und Schlaganfallrisiko: Die Arteriosklerose (Arterienverkalkung) ist die am meisten verbreitete Zivilisationskrankheit. Durch den Verschluss der Arterien kann es zum Herzinfarkt oder Schlaganfall kommen. Man kann auf vielf\u00e4ltige Art und Weise vorbeugen. U.a. gibt es eine Reihe von Laboruntersuchungen die auf eine Arteriosklerose hindeuten. Mit Hilfe dieser Werte<\/p>\n","protected":false},"author":1,"featured_media":0,"parent":0,"menu_order":0,"comment_status":"closed","ping_status":"closed","template":"tpl-visual_composer.php","meta":{"footnotes":""},"class_list":["post-762","page","type-page","status-publish","hentry"],"yoast_head":"<!-- This site is optimized with the Yoast SEO plugin v25.3.1 - https:\/\/yoast.com\/wordpress\/plugins\/seo\/ -->\n<title>Erkl\u00e4rung der Untersuchung - Vorsorgeprofile<\/title>\n<meta name=\"description\" content=\"Vorsorgeprofile - Praxis Dr. Reidick, Dr. Scheuren, Dr. Behr, die Arztpraxis am Verladeplatz in Gr\u00fcnstadt im Polimedicum.\" \/>\n<meta name=\"robots\" content=\"index, follow, max-snippet:-1, max-image-preview:large, max-video-preview:-1\" \/>\n<link rel=\"canonical\" href=\"https:\/\/www.praxis-reidick-scheuren-behr.de\/index.php\/vorsorgeprofile\/\" \/>\n<meta property=\"og:locale\" content=\"de_DE\" \/>\n<meta property=\"og:type\" content=\"article\" \/>\n<meta property=\"og:title\" content=\"Erkl\u00e4rung der Untersuchung - Vorsorgeprofile\" \/>\n<meta property=\"og:description\" content=\"Vorsorgeprofile - Praxis Dr. Reidick, Dr. Scheuren, Dr. Behr, die Arztpraxis am Verladeplatz in Gr\u00fcnstadt im Polimedicum.\" \/>\n<meta property=\"og:url\" content=\"https:\/\/www.praxis-reidick-scheuren-behr.de\/index.php\/vorsorgeprofile\/\" \/>\n<meta property=\"og:site_name\" content=\"Haus\u00e4rztlich-Internistische Praxis Dres. Reidick &amp; Scheuren &amp; Behr - Verladeplatz, Gr\u00fcnstadt, Allgemeinmedizin, Naturheilverfahren, Hom\u00f6opathie, Innere Medizin, Kardiologie\" \/>\n<meta property=\"article:modified_time\" content=\"2021-12-06T14:43:52+00:00\" \/>\n<meta name=\"twitter:card\" content=\"summary_large_image\" \/>\n<meta name=\"twitter:label1\" content=\"Gesch\u00e4tzte Lesezeit\" \/>\n\t<meta name=\"twitter:data1\" content=\"1\u00a0Minute\" \/>\n<script type=\"application\/ld+json\" class=\"yoast-schema-graph\">{\"@context\":\"https:\/\/schema.org\",\"@graph\":[{\"@type\":\"WebPage\",\"@id\":\"https:\/\/www.praxis-reidick-scheuren-behr.de\/index.php\/vorsorgeprofile\/\",\"url\":\"https:\/\/www.praxis-reidick-scheuren-behr.de\/index.php\/vorsorgeprofile\/\",\"name\":\"Erkl\u00e4rung der Untersuchung - Vorsorgeprofile\",\"isPartOf\":{\"@id\":\"https:\/\/www.praxis-reidick-scheuren-behr.de\/#website\"},\"datePublished\":\"2021-11-30T17:50:09+00:00\",\"dateModified\":\"2021-12-06T14:43:52+00:00\",\"description\":\"Vorsorgeprofile - Praxis Dr. Reidick, Dr. Scheuren, Dr. Behr, die Arztpraxis am Verladeplatz in Gr\u00fcnstadt im Polimedicum.\",\"breadcrumb\":{\"@id\":\"https:\/\/www.praxis-reidick-scheuren-behr.de\/index.php\/vorsorgeprofile\/#breadcrumb\"},\"inLanguage\":\"de\",\"potentialAction\":[{\"@type\":\"ReadAction\",\"target\":[\"https:\/\/www.praxis-reidick-scheuren-behr.de\/index.php\/vorsorgeprofile\/\"]}]},{\"@type\":\"BreadcrumbList\",\"@id\":\"https:\/\/www.praxis-reidick-scheuren-behr.de\/index.php\/vorsorgeprofile\/#breadcrumb\",\"itemListElement\":[{\"@type\":\"ListItem\",\"position\":1,\"name\":\"Startseite\",\"item\":\"https:\/\/www.praxis-reidick-scheuren-behr.de\/\"},{\"@type\":\"ListItem\",\"position\":2,\"name\":\"Vorsorgeprofile\"}]},{\"@type\":\"WebSite\",\"@id\":\"https:\/\/www.praxis-reidick-scheuren-behr.de\/#website\",\"url\":\"https:\/\/www.praxis-reidick-scheuren-behr.de\/\",\"name\":\"Haus\u00e4rztlich-Internistische Praxis Dres. Reidick &amp; Scheuren &amp; Behr - Verladeplatz, Gr\u00fcnstadt, Allgemeinmedizin, Naturheilverfahren, Hom\u00f6opathie, Innere Medizin, Kardiologie\",\"description\":\"\",\"potentialAction\":[{\"@type\":\"SearchAction\",\"target\":{\"@type\":\"EntryPoint\",\"urlTemplate\":\"https:\/\/www.praxis-reidick-scheuren-behr.de\/?s={search_term_string}\"},\"query-input\":{\"@type\":\"PropertyValueSpecification\",\"valueRequired\":true,\"valueName\":\"search_term_string\"}}],\"inLanguage\":\"de\"}]}<\/script>\n<!-- \/ Yoast SEO plugin. -->","yoast_head_json":{"title":"Erkl\u00e4rung der Untersuchung - Vorsorgeprofile","description":"Vorsorgeprofile - Praxis Dr. Reidick, Dr. Scheuren, Dr. Behr, die Arztpraxis am Verladeplatz in Gr\u00fcnstadt im Polimedicum.","robots":{"index":"index","follow":"follow","max-snippet":"max-snippet:-1","max-image-preview":"max-image-preview:large","max-video-preview":"max-video-preview:-1"},"canonical":"https:\/\/www.praxis-reidick-scheuren-behr.de\/index.php\/vorsorgeprofile\/","og_locale":"de_DE","og_type":"article","og_title":"Erkl\u00e4rung der Untersuchung - Vorsorgeprofile","og_description":"Vorsorgeprofile - Praxis Dr. Reidick, Dr. Scheuren, Dr. Behr, die Arztpraxis am Verladeplatz in Gr\u00fcnstadt im Polimedicum.","og_url":"https:\/\/www.praxis-reidick-scheuren-behr.de\/index.php\/vorsorgeprofile\/","og_site_name":"Haus\u00e4rztlich-Internistische Praxis Dres. Reidick &amp; Scheuren &amp; Behr - Verladeplatz, Gr\u00fcnstadt, Allgemeinmedizin, Naturheilverfahren, Hom\u00f6opathie, Innere Medizin, Kardiologie","article_modified_time":"2021-12-06T14:43:52+00:00","twitter_card":"summary_large_image","twitter_misc":{"Gesch\u00e4tzte Lesezeit":"1\u00a0Minute"},"schema":{"@context":"https:\/\/schema.org","@graph":[{"@type":"WebPage","@id":"https:\/\/www.praxis-reidick-scheuren-behr.de\/index.php\/vorsorgeprofile\/","url":"https:\/\/www.praxis-reidick-scheuren-behr.de\/index.php\/vorsorgeprofile\/","name":"Erkl\u00e4rung der Untersuchung - Vorsorgeprofile","isPartOf":{"@id":"https:\/\/www.praxis-reidick-scheuren-behr.de\/#website"},"datePublished":"2021-11-30T17:50:09+00:00","dateModified":"2021-12-06T14:43:52+00:00","description":"Vorsorgeprofile - Praxis Dr. Reidick, Dr. Scheuren, Dr. Behr, die Arztpraxis am Verladeplatz in Gr\u00fcnstadt im Polimedicum.","breadcrumb":{"@id":"https:\/\/www.praxis-reidick-scheuren-behr.de\/index.php\/vorsorgeprofile\/#breadcrumb"},"inLanguage":"de","potentialAction":[{"@type":"ReadAction","target":["https:\/\/www.praxis-reidick-scheuren-behr.de\/index.php\/vorsorgeprofile\/"]}]},{"@type":"BreadcrumbList","@id":"https:\/\/www.praxis-reidick-scheuren-behr.de\/index.php\/vorsorgeprofile\/#breadcrumb","itemListElement":[{"@type":"ListItem","position":1,"name":"Startseite","item":"https:\/\/www.praxis-reidick-scheuren-behr.de\/"},{"@type":"ListItem","position":2,"name":"Vorsorgeprofile"}]},{"@type":"WebSite","@id":"https:\/\/www.praxis-reidick-scheuren-behr.de\/#website","url":"https:\/\/www.praxis-reidick-scheuren-behr.de\/","name":"Haus\u00e4rztlich-Internistische Praxis Dres. Reidick &amp; Scheuren &amp; Behr - Verladeplatz, Gr\u00fcnstadt, Allgemeinmedizin, Naturheilverfahren, Hom\u00f6opathie, Innere Medizin, Kardiologie","description":"","potentialAction":[{"@type":"SearchAction","target":{"@type":"EntryPoint","urlTemplate":"https:\/\/www.praxis-reidick-scheuren-behr.de\/?s={search_term_string}"},"query-input":{"@type":"PropertyValueSpecification","valueRequired":true,"valueName":"search_term_string"}}],"inLanguage":"de"}]}},"_links":{"self":[{"href":"https:\/\/www.praxis-reidick-scheuren-behr.de\/index.php\/wp-json\/wp\/v2\/pages\/762","targetHints":{"allow":["GET"]}}],"collection":[{"href":"https:\/\/www.praxis-reidick-scheuren-behr.de\/index.php\/wp-json\/wp\/v2\/pages"}],"about":[{"href":"https:\/\/www.praxis-reidick-scheuren-behr.de\/index.php\/wp-json\/wp\/v2\/types\/page"}],"author":[{"embeddable":true,"href":"https:\/\/www.praxis-reidick-scheuren-behr.de\/index.php\/wp-json\/wp\/v2\/users\/1"}],"replies":[{"embeddable":true,"href":"https:\/\/www.praxis-reidick-scheuren-behr.de\/index.php\/wp-json\/wp\/v2\/comments?post=762"}],"version-history":[{"count":4,"href":"https:\/\/www.praxis-reidick-scheuren-behr.de\/index.php\/wp-json\/wp\/v2\/pages\/762\/revisions"}],"predecessor-version":[{"id":777,"href":"https:\/\/www.praxis-reidick-scheuren-behr.de\/index.php\/wp-json\/wp\/v2\/pages\/762\/revisions\/777"}],"wp:attachment":[{"href":"https:\/\/www.praxis-reidick-scheuren-behr.de\/index.php\/wp-json\/wp\/v2\/media?parent=762"}],"curies":[{"name":"wp","href":"https:\/\/api.w.org\/{rel}","templated":true}]}}