{"id":747,"date":"2021-11-30T18:31:09","date_gmt":"2021-11-30T17:31:09","guid":{"rendered":"https:\/\/www.praxis-reidick-scheuren-behr.de\/?page_id=747"},"modified":"2024-07-14T21:00:48","modified_gmt":"2024-07-14T19:00:48","slug":"langzeit-blutdruckmessung","status":"publish","type":"page","link":"https:\/\/www.praxis-reidick-scheuren-behr.de\/index.php\/langzeit-blutdruckmessung\/","title":{"rendered":"Langzeit-Blutdruckmessung"},"content":{"rendered":"<p>[vc_row][vc_column width=&#8220;1\/6&#8243;][\/vc_column][vc_column width=&#8220;2\/3&#8243;][vc_empty_space height=&#8220;90px&#8220;][vc_column_text]<\/p>\n<h4 style=\"text-align: center;\"><strong>Langzeit-Blutdruckmessung\u00a0 <\/strong><\/h4>\n<h4 style=\"text-align: center;\"><strong>Diese Untersuchung ist aktuell in unserer Praxis nicht m\u00f6glich<\/strong><\/h4>\n<p>&nbsp;<\/p>\n<p>&nbsp;<\/p>\n<h4 style=\"text-align: center;\"><strong>Was ist eine Langzeit-Blutdruckmessung?<\/strong><\/h4>\n<p style=\"text-align: center;\">Bei einer Langzeit-Blutdruckmessung wird der Blutdruck \u00fcber einen Zeitraum von 24 Stunden regelm\u00e4\u00dfig gemessen und ein Blutdruck-Profil erstellt.<\/p>\n<p>&nbsp;<\/p>\n<h4 style=\"text-align: center;\"><strong>Wozu dient die Langzeit-Blutdruckmessung?<\/strong><\/h4>\n<p style=\"text-align: center;\">Diese Untersuchung wird in folgenden F\u00e4llen durchgef\u00fchrt:<\/p>\n<p style=\"text-align: center;\">\u2022 Bei Verdacht auf &#8222;Praxishochdruck&#8220; (Wei\u00dfkittelsyndrom): Hier kommt es durch psychischen Stress infolge des Arztbesuches zu kurzfristiger Blutdruckerh\u00f6hung; eine 24-Stunden-Blutdruckmessung kann einen Bluthochdruck best\u00e4tigen oder ausschlie\u00dfen<\/p>\n<p style=\"text-align: center;\">\u2022 Zur Erfolgskontrolle einer medikament\u00f6sen Therapie von Bluthochdruck<\/p>\n<p style=\"text-align: center;\">\u2022 Bei Verdacht auf einen ver\u00e4nderten Tag-Nacht-Rhythmus: Der Blutdruck schwankt je nach Tageszeit und ist normalerweise nachts niedriger als tags\u00fcber; bei bestimmten Erkrankungen ist dieser Rhythmus gest\u00f6rt<\/p>\n<p>[\/vc_column_text][\/vc_column][vc_column width=&#8220;1\/6&#8243;][\/vc_column][\/vc_row][vc_row][vc_column][vc_empty_space height=&#8220;70px&#8220;][\/vc_column][\/vc_row][vc_row][vc_column]\r\n<section class=\"footer-call-to-action\">\r\n    <div class=\"container\">\r\n        <div class=\"row\">\r\n            <div class=\"col-md-9\">\r\n                <h3>Praxis Dres. Reidick &amp; Scheuren &amp; Behr Gr\u00fcnstadt<\/h3>\r\n                <p>Haus\u00e4rztlich-Internistische Praxis<\/p>\r\n            <\/div>\r\n            <div class=\"col-md-3\">\r\n                <a href=\"https:\/\/www.praxis-reidick-scheuren-behr.de\/index.php\/kontakt\/\" class=\"thm-btn inverse pull-right\">KONTAKT AUFNEHMEN<\/a>\r\n            <\/div>\r\n        <\/div>\r\n    <\/div>\r\n<\/section>\r\n\r\n[\/vc_column][\/vc_row]<\/p>\n","protected":false},"excerpt":{"rendered":"<p>[vc_row][vc_column width=&#8220;1\/6&#8243;][\/vc_column][vc_column width=&#8220;2\/3&#8243;][vc_empty_space height=&#8220;90px&#8220;][vc_column_text] Langzeit-Blutdruckmessung\u00a0 Diese Untersuchung ist aktuell in unserer Praxis nicht m\u00f6glich &nbsp; &nbsp; Was ist eine Langzeit-Blutdruckmessung? Bei einer Langzeit-Blutdruckmessung wird der Blutdruck \u00fcber einen Zeitraum von 24 Stunden regelm\u00e4\u00dfig gemessen und ein Blutdruck-Profil erstellt. &nbsp; Wozu dient die Langzeit-Blutdruckmessung? Diese Untersuchung wird in folgenden F\u00e4llen durchgef\u00fchrt: \u2022 Bei Verdacht auf &#8222;Praxishochdruck&#8220;<\/p>\n","protected":false},"author":1,"featured_media":0,"parent":0,"menu_order":0,"comment_status":"closed","ping_status":"closed","template":"tpl-visual_composer.php","meta":{"footnotes":""},"class_list":["post-747","page","type-page","status-publish","hentry"],"yoast_head":"<!-- This site is optimized with the Yoast SEO plugin v25.3.1 - https:\/\/yoast.com\/wordpress\/plugins\/seo\/ -->\n<title>Erkl\u00e4rung der Untersuchung - Blutdruckmessung<\/title>\n<meta name=\"description\" content=\"Blutdruckmessung - Praxis Dr. Reidick, Dr. Scheuren, Dr. Behr, die Arztpraxis am Verladeplatz in Gr\u00fcnstadt im Polimedicum.\" \/>\n<meta name=\"robots\" content=\"index, follow, max-snippet:-1, max-image-preview:large, max-video-preview:-1\" \/>\n<link rel=\"canonical\" href=\"https:\/\/www.praxis-reidick-scheuren-behr.de\/index.php\/langzeit-blutdruckmessung\/\" \/>\n<meta property=\"og:locale\" content=\"de_DE\" \/>\n<meta property=\"og:type\" content=\"article\" \/>\n<meta property=\"og:title\" content=\"Erkl\u00e4rung der Untersuchung - Blutdruckmessung\" \/>\n<meta property=\"og:description\" content=\"Blutdruckmessung - Praxis Dr. Reidick, Dr. Scheuren, Dr. Behr, die Arztpraxis am Verladeplatz in Gr\u00fcnstadt im Polimedicum.\" \/>\n<meta property=\"og:url\" content=\"https:\/\/www.praxis-reidick-scheuren-behr.de\/index.php\/langzeit-blutdruckmessung\/\" \/>\n<meta property=\"og:site_name\" content=\"Haus\u00e4rztlich-Internistische Praxis Dres. Reidick &amp; Scheuren &amp; Behr - Verladeplatz, Gr\u00fcnstadt, Allgemeinmedizin, Naturheilverfahren, Hom\u00f6opathie, Innere Medizin, Kardiologie\" \/>\n<meta property=\"article:modified_time\" content=\"2024-07-14T19:00:48+00:00\" \/>\n<meta name=\"twitter:card\" content=\"summary_large_image\" \/>\n<meta name=\"twitter:label1\" content=\"Gesch\u00e4tzte Lesezeit\" \/>\n\t<meta name=\"twitter:data1\" content=\"1\u00a0Minute\" \/>\n<script type=\"application\/ld+json\" class=\"yoast-schema-graph\">{\"@context\":\"https:\/\/schema.org\",\"@graph\":[{\"@type\":\"WebPage\",\"@id\":\"https:\/\/www.praxis-reidick-scheuren-behr.de\/index.php\/langzeit-blutdruckmessung\/\",\"url\":\"https:\/\/www.praxis-reidick-scheuren-behr.de\/index.php\/langzeit-blutdruckmessung\/\",\"name\":\"Erkl\u00e4rung der Untersuchung - Blutdruckmessung\",\"isPartOf\":{\"@id\":\"https:\/\/www.praxis-reidick-scheuren-behr.de\/#website\"},\"datePublished\":\"2021-11-30T17:31:09+00:00\",\"dateModified\":\"2024-07-14T19:00:48+00:00\",\"description\":\"Blutdruckmessung - Praxis Dr. Reidick, Dr. Scheuren, Dr. Behr, die Arztpraxis am Verladeplatz in Gr\u00fcnstadt im Polimedicum.\",\"breadcrumb\":{\"@id\":\"https:\/\/www.praxis-reidick-scheuren-behr.de\/index.php\/langzeit-blutdruckmessung\/#breadcrumb\"},\"inLanguage\":\"de\",\"potentialAction\":[{\"@type\":\"ReadAction\",\"target\":[\"https:\/\/www.praxis-reidick-scheuren-behr.de\/index.php\/langzeit-blutdruckmessung\/\"]}]},{\"@type\":\"BreadcrumbList\",\"@id\":\"https:\/\/www.praxis-reidick-scheuren-behr.de\/index.php\/langzeit-blutdruckmessung\/#breadcrumb\",\"itemListElement\":[{\"@type\":\"ListItem\",\"position\":1,\"name\":\"Startseite\",\"item\":\"https:\/\/www.praxis-reidick-scheuren-behr.de\/\"},{\"@type\":\"ListItem\",\"position\":2,\"name\":\"Langzeit-Blutdruckmessung\"}]},{\"@type\":\"WebSite\",\"@id\":\"https:\/\/www.praxis-reidick-scheuren-behr.de\/#website\",\"url\":\"https:\/\/www.praxis-reidick-scheuren-behr.de\/\",\"name\":\"Haus\u00e4rztlich-Internistische Praxis Dres. Reidick &amp; Scheuren &amp; Behr - Verladeplatz, Gr\u00fcnstadt, Allgemeinmedizin, Naturheilverfahren, Hom\u00f6opathie, Innere Medizin, Kardiologie\",\"description\":\"\",\"potentialAction\":[{\"@type\":\"SearchAction\",\"target\":{\"@type\":\"EntryPoint\",\"urlTemplate\":\"https:\/\/www.praxis-reidick-scheuren-behr.de\/?s={search_term_string}\"},\"query-input\":{\"@type\":\"PropertyValueSpecification\",\"valueRequired\":true,\"valueName\":\"search_term_string\"}}],\"inLanguage\":\"de\"}]}<\/script>\n<!-- \/ Yoast SEO plugin. -->","yoast_head_json":{"title":"Erkl\u00e4rung der Untersuchung - Blutdruckmessung","description":"Blutdruckmessung - Praxis Dr. Reidick, Dr. Scheuren, Dr. Behr, die Arztpraxis am Verladeplatz in Gr\u00fcnstadt im Polimedicum.","robots":{"index":"index","follow":"follow","max-snippet":"max-snippet:-1","max-image-preview":"max-image-preview:large","max-video-preview":"max-video-preview:-1"},"canonical":"https:\/\/www.praxis-reidick-scheuren-behr.de\/index.php\/langzeit-blutdruckmessung\/","og_locale":"de_DE","og_type":"article","og_title":"Erkl\u00e4rung der Untersuchung - Blutdruckmessung","og_description":"Blutdruckmessung - Praxis Dr. Reidick, Dr. Scheuren, Dr. Behr, die Arztpraxis am Verladeplatz in Gr\u00fcnstadt im Polimedicum.","og_url":"https:\/\/www.praxis-reidick-scheuren-behr.de\/index.php\/langzeit-blutdruckmessung\/","og_site_name":"Haus\u00e4rztlich-Internistische Praxis Dres. Reidick &amp; Scheuren &amp; Behr - Verladeplatz, Gr\u00fcnstadt, Allgemeinmedizin, Naturheilverfahren, Hom\u00f6opathie, Innere Medizin, Kardiologie","article_modified_time":"2024-07-14T19:00:48+00:00","twitter_card":"summary_large_image","twitter_misc":{"Gesch\u00e4tzte Lesezeit":"1\u00a0Minute"},"schema":{"@context":"https:\/\/schema.org","@graph":[{"@type":"WebPage","@id":"https:\/\/www.praxis-reidick-scheuren-behr.de\/index.php\/langzeit-blutdruckmessung\/","url":"https:\/\/www.praxis-reidick-scheuren-behr.de\/index.php\/langzeit-blutdruckmessung\/","name":"Erkl\u00e4rung der Untersuchung - Blutdruckmessung","isPartOf":{"@id":"https:\/\/www.praxis-reidick-scheuren-behr.de\/#website"},"datePublished":"2021-11-30T17:31:09+00:00","dateModified":"2024-07-14T19:00:48+00:00","description":"Blutdruckmessung - Praxis Dr. Reidick, Dr. Scheuren, Dr. Behr, die Arztpraxis am Verladeplatz in Gr\u00fcnstadt im Polimedicum.","breadcrumb":{"@id":"https:\/\/www.praxis-reidick-scheuren-behr.de\/index.php\/langzeit-blutdruckmessung\/#breadcrumb"},"inLanguage":"de","potentialAction":[{"@type":"ReadAction","target":["https:\/\/www.praxis-reidick-scheuren-behr.de\/index.php\/langzeit-blutdruckmessung\/"]}]},{"@type":"BreadcrumbList","@id":"https:\/\/www.praxis-reidick-scheuren-behr.de\/index.php\/langzeit-blutdruckmessung\/#breadcrumb","itemListElement":[{"@type":"ListItem","position":1,"name":"Startseite","item":"https:\/\/www.praxis-reidick-scheuren-behr.de\/"},{"@type":"ListItem","position":2,"name":"Langzeit-Blutdruckmessung"}]},{"@type":"WebSite","@id":"https:\/\/www.praxis-reidick-scheuren-behr.de\/#website","url":"https:\/\/www.praxis-reidick-scheuren-behr.de\/","name":"Haus\u00e4rztlich-Internistische Praxis Dres. Reidick &amp; Scheuren &amp; Behr - Verladeplatz, Gr\u00fcnstadt, Allgemeinmedizin, Naturheilverfahren, Hom\u00f6opathie, Innere Medizin, Kardiologie","description":"","potentialAction":[{"@type":"SearchAction","target":{"@type":"EntryPoint","urlTemplate":"https:\/\/www.praxis-reidick-scheuren-behr.de\/?s={search_term_string}"},"query-input":{"@type":"PropertyValueSpecification","valueRequired":true,"valueName":"search_term_string"}}],"inLanguage":"de"}]}},"_links":{"self":[{"href":"https:\/\/www.praxis-reidick-scheuren-behr.de\/index.php\/wp-json\/wp\/v2\/pages\/747","targetHints":{"allow":["GET"]}}],"collection":[{"href":"https:\/\/www.praxis-reidick-scheuren-behr.de\/index.php\/wp-json\/wp\/v2\/pages"}],"about":[{"href":"https:\/\/www.praxis-reidick-scheuren-behr.de\/index.php\/wp-json\/wp\/v2\/types\/page"}],"author":[{"embeddable":true,"href":"https:\/\/www.praxis-reidick-scheuren-behr.de\/index.php\/wp-json\/wp\/v2\/users\/1"}],"replies":[{"embeddable":true,"href":"https:\/\/www.praxis-reidick-scheuren-behr.de\/index.php\/wp-json\/wp\/v2\/comments?post=747"}],"version-history":[{"count":5,"href":"https:\/\/www.praxis-reidick-scheuren-behr.de\/index.php\/wp-json\/wp\/v2\/pages\/747\/revisions"}],"predecessor-version":[{"id":1212,"href":"https:\/\/www.praxis-reidick-scheuren-behr.de\/index.php\/wp-json\/wp\/v2\/pages\/747\/revisions\/1212"}],"wp:attachment":[{"href":"https:\/\/www.praxis-reidick-scheuren-behr.de\/index.php\/wp-json\/wp\/v2\/media?parent=747"}],"curies":[{"name":"wp","href":"https:\/\/api.w.org\/{rel}","templated":true}]}}