
    
    
    
    
    {"id":680,"date":"2021-11-29T15:33:09","date_gmt":"2021-11-29T14:33:09","guid":{"rendered":"https:\/\/www.praxis-reidick-scheuren-behr.de\/?page_id=680"},"modified":"2021-12-06T15:24:09","modified_gmt":"2021-12-06T14:24:09","slug":"praxisrundgang","status":"publish","type":"page","link":"https:\/\/www.praxis-reidick-scheuren-behr.de\/index.php\/praxisrundgang\/","title":{"rendered":"Praxisrundgang"},"content":{"rendered":"<p>[vc_row][vc_column][vc_empty_space height=&#8220;90px&#8220;][vc_column_text]<\/p>\n<p style=\"text-align: center;\">Machen Sie einen virtuellen Rundgang durch unsere Praxis.<\/p>\n<p style=\"text-align: center;\">Klicken Sie auf eines der Bilder und schieben\/scrollen Sie die Maus<\/p>\n<p>[\/vc_column_text][vc_empty_space height=&#8220;10px&#8220;][\/vc_column][\/vc_row][vc_row][vc_column width=&#8220;1\/6&#8243;][\/vc_column][vc_column width=&#8220;2\/3&#8243;][vc_column_text]<\/p>\n<p style=\"text-align: center;\">Empfangsbereich<\/p>\n<div class=\"wp-block-panorama-image-3d\" id='bBlocksImage3DViewer-1' data-attributes='{&quot;imageUrl&quot;:&quot;https:\\\/\\\/www.praxis-reidick-scheuren-behr.de\\\/wp-content\\\/uploads\\\/2021\\\/12\\\/empfang_360.jpg&quot;,&quot;options&quot;:{&quot;autoRotate&quot;:false,&quot;autoRotateSpeed&quot;:&quot;2&quot;,&quot;autoRotateInactivityDelay&quot;:3000,&quot;hideDefaultCtrl&quot;:false,&quot;initialView&quot;:false,&quot;initialPosition&quot;:{&quot;x&quot;:0,&quot;y&quot;:0,&quot;z&quot;:0},&quot;isDeviceMotion&quot;:false},&quot;layout&quot;:{&quot;alignSl&quot;:{&quot;desktop&quot;:&quot;center&quot;,&quot;tablet&quot;:&quot;center&quot;,&quot;mobile&quot;:&quot;center&quot;},&quot;width&quot;:{&quot;desktop&quot;:&quot;100%&quot;,&quot;tablet&quot;:&quot;100%&quot;,&quot;mobile&quot;:&quot;100%&quot;},&quot;height&quot;:{&quot;desktop&quot;:&quot;500px&quot;,&quot;tablet&quot;:&quot;500px&quot;,&quot;mobile&quot;:&quot;500px&quot;},&quot;buttonColors&quot;:{&quot;color&quot;:null,&quot;bg&quot;:null},&quot;buttonHoverColors&quot;:{&quot;color&quot;:null,&quot;bg&quot;:null}}}'><\/div>[\/vc_column_text][vc_column_text]<\/p>\n<p style=\"text-align: center;\">Wartebereich I<\/p>\n<div class=\"wp-block-panorama-image-3d\" id='bBlocksImage3DViewer-2' data-attributes='{&quot;imageUrl&quot;:&quot;https:\\\/\\\/www.praxis-reidick-scheuren-behr.de\\\/wp-content\\\/uploads\\\/2021\\\/12\\\/warteraum_360.jpg&quot;,&quot;options&quot;:{&quot;autoRotate&quot;:false,&quot;autoRotateSpeed&quot;:&quot;2&quot;,&quot;autoRotateInactivityDelay&quot;:3000,&quot;hideDefaultCtrl&quot;:false,&quot;initialView&quot;:false,&quot;initialPosition&quot;:{&quot;x&quot;:0,&quot;y&quot;:0,&quot;z&quot;:0},&quot;isDeviceMotion&quot;:false},&quot;layout&quot;:{&quot;alignSl&quot;:{&quot;desktop&quot;:&quot;center&quot;,&quot;tablet&quot;:&quot;center&quot;,&quot;mobile&quot;:&quot;center&quot;},&quot;width&quot;:{&quot;desktop&quot;:&quot;100%&quot;,&quot;tablet&quot;:&quot;100%&quot;,&quot;mobile&quot;:&quot;100%&quot;},&quot;height&quot;:{&quot;desktop&quot;:&quot;500px&quot;,&quot;tablet&quot;:&quot;500px&quot;,&quot;mobile&quot;:&quot;500px&quot;},&quot;buttonColors&quot;:{&quot;color&quot;:null,&quot;bg&quot;:null},&quot;buttonHoverColors&quot;:{&quot;color&quot;:null,&quot;bg&quot;:null}}}'><\/div>[\/vc_column_text][vc_column_text]<\/p>\n<p style=\"text-align: center;\">Wartebereich II<\/p>\n<div class=\"wp-block-panorama-image-3d\" id='bBlocksImage3DViewer-3' data-attributes='{&quot;imageUrl&quot;:&quot;https:\\\/\\\/www.praxis-reidick-scheuren-behr.de\\\/wp-content\\\/uploads\\\/2021\\\/12\\\/warteraum2_360.jpg&quot;,&quot;options&quot;:{&quot;autoRotate&quot;:false,&quot;autoRotateSpeed&quot;:&quot;2&quot;,&quot;autoRotateInactivityDelay&quot;:3000,&quot;hideDefaultCtrl&quot;:false,&quot;initialView&quot;:false,&quot;initialPosition&quot;:{&quot;x&quot;:0,&quot;y&quot;:0,&quot;z&quot;:0},&quot;isDeviceMotion&quot;:false},&quot;layout&quot;:{&quot;alignSl&quot;:{&quot;desktop&quot;:&quot;center&quot;,&quot;tablet&quot;:&quot;center&quot;,&quot;mobile&quot;:&quot;center&quot;},&quot;width&quot;:{&quot;desktop&quot;:&quot;100%&quot;,&quot;tablet&quot;:&quot;100%&quot;,&quot;mobile&quot;:&quot;100%&quot;},&quot;height&quot;:{&quot;desktop&quot;:&quot;500px&quot;,&quot;tablet&quot;:&quot;500px&quot;,&quot;mobile&quot;:&quot;500px&quot;},&quot;buttonColors&quot;:{&quot;color&quot;:null,&quot;bg&quot;:null},&quot;buttonHoverColors&quot;:{&quot;color&quot;:null,&quot;bg&quot;:null}}}'><\/div>[\/vc_column_text][vc_column_text]<\/p>\n<p style=\"text-align: center;\">Sprechzimmer<\/p>\n<div class=\"wp-block-panorama-image-3d\" id='bBlocksImage3DViewer-4' data-attributes='{&quot;imageUrl&quot;:&quot;https:\\\/\\\/www.praxis-reidick-scheuren-behr.de\\\/wp-content\\\/uploads\\\/2021\\\/12\\\/arztzimmer1_360.jpg&quot;,&quot;options&quot;:{&quot;autoRotate&quot;:false,&quot;autoRotateSpeed&quot;:&quot;2&quot;,&quot;autoRotateInactivityDelay&quot;:3000,&quot;hideDefaultCtrl&quot;:false,&quot;initialView&quot;:false,&quot;initialPosition&quot;:{&quot;x&quot;:0,&quot;y&quot;:0,&quot;z&quot;:0},&quot;isDeviceMotion&quot;:false},&quot;layout&quot;:{&quot;alignSl&quot;:{&quot;desktop&quot;:&quot;center&quot;,&quot;tablet&quot;:&quot;center&quot;,&quot;mobile&quot;:&quot;center&quot;},&quot;width&quot;:{&quot;desktop&quot;:&quot;100%&quot;,&quot;tablet&quot;:&quot;100%&quot;,&quot;mobile&quot;:&quot;100%&quot;},&quot;height&quot;:{&quot;desktop&quot;:&quot;500px&quot;,&quot;tablet&quot;:&quot;500px&quot;,&quot;mobile&quot;:&quot;500px&quot;},&quot;buttonColors&quot;:{&quot;color&quot;:null,&quot;bg&quot;:null},&quot;buttonHoverColors&quot;:{&quot;color&quot;:null,&quot;bg&quot;:null}}}'><\/div>[\/vc_column_text][vc_column_text]<\/p>\n<p style=\"text-align: center;\">Check Up<\/p>\n<div class=\"wp-block-panorama-image-3d\" id='bBlocksImage3DViewer-5' data-attributes='{&quot;imageUrl&quot;:&quot;https:\\\/\\\/www.praxis-reidick-scheuren-behr.de\\\/wp-content\\\/uploads\\\/2021\\\/12\\\/arztzimmer2_360.jpg&quot;,&quot;options&quot;:{&quot;autoRotate&quot;:false,&quot;autoRotateSpeed&quot;:&quot;2&quot;,&quot;autoRotateInactivityDelay&quot;:3000,&quot;hideDefaultCtrl&quot;:false,&quot;initialView&quot;:false,&quot;initialPosition&quot;:{&quot;x&quot;:0,&quot;y&quot;:0,&quot;z&quot;:0},&quot;isDeviceMotion&quot;:false},&quot;layout&quot;:{&quot;alignSl&quot;:{&quot;desktop&quot;:&quot;center&quot;,&quot;tablet&quot;:&quot;center&quot;,&quot;mobile&quot;:&quot;center&quot;},&quot;width&quot;:{&quot;desktop&quot;:&quot;100%&quot;,&quot;tablet&quot;:&quot;100%&quot;,&quot;mobile&quot;:&quot;100%&quot;},&quot;height&quot;:{&quot;desktop&quot;:&quot;500px&quot;,&quot;tablet&quot;:&quot;500px&quot;,&quot;mobile&quot;:&quot;500px&quot;},&quot;buttonColors&quot;:{&quot;color&quot;:null,&quot;bg&quot;:null},&quot;buttonHoverColors&quot;:{&quot;color&quot;:null,&quot;bg&quot;:null}}}'><\/div>[\/vc_column_text][\/vc_column][vc_column width=&#8220;1\/6&#8243;][\/vc_column][\/vc_row][vc_row][vc_column][vc_empty_space height=&#8220;70px&#8220;][\/vc_column][\/vc_row][vc_row][vc_column]\r\n<section class=\"footer-call-to-action\">\r\n    <div class=\"container\">\r\n        <div class=\"row\">\r\n            <div class=\"col-md-9\">\r\n                <h3>Praxis Dres. Reidick &amp; Scheuren &amp; Behr Gr\u00fcnstadt<\/h3>\r\n                <p>Haus\u00e4rztlich-Internistische Praxis<\/p>\r\n            <\/div>\r\n            <div class=\"col-md-3\">\r\n                <a href=\"https:\/\/www.praxis-reidick-scheuren-behr.de\/index.php\/kontakt\/\" class=\"thm-btn inverse pull-right\">KONTAKT AUFNEHMEN<\/a>\r\n            <\/div>\r\n        <\/div>\r\n    <\/div>\r\n<\/section>\r\n\r\n[\/vc_column][\/vc_row]<\/p>\n","protected":false},"excerpt":{"rendered":"<p>[vc_row][vc_column][vc_empty_space height=&#8220;90px&#8220;][vc_column_text] Machen Sie einen virtuellen Rundgang durch unsere Praxis. Klicken Sie auf eines der Bilder und schieben\/scrollen Sie die Maus [\/vc_column_text][vc_empty_space height=&#8220;10px&#8220;][\/vc_column][\/vc_row][vc_row][vc_column width=&#8220;1\/6&#8243;][\/vc_column][vc_column width=&#8220;2\/3&#8243;][vc_column_text] Empfangsbereich [\/vc_column_text][vc_column_text] Wartebereich I [\/vc_column_text][vc_column_text] Wartebereich II [\/vc_column_text][vc_column_text] Sprechzimmer [\/vc_column_text][vc_column_text] Check Up [\/vc_column_text][\/vc_column][vc_column width=&#8220;1\/6&#8243;][\/vc_column][\/vc_row][vc_row][vc_column][vc_empty_space height=&#8220;70px&#8220;][\/vc_column][\/vc_row][vc_row][vc_column][\/vc_column][\/vc_row]<\/p>\n","protected":false},"author":1,"featured_media":0,"parent":0,"menu_order":0,"comment_status":"closed","ping_status":"closed","template":"tpl-visual_composer.php","meta":{"footnotes":""},"class_list":["post-680","page","type-page","status-publish","hentry"],"yoast_head":"<!-- This site is optimized with the Yoast SEO plugin v25.3.1 - https:\/\/yoast.com\/wordpress\/plugins\/seo\/ -->\n<title>Praxisrundgang - Praxis Dr. Reidick, Dr. Scheuren, Dr. Behr. Gr\u00fcnstadt.<\/title>\n<meta name=\"description\" content=\"Praxisrundgang - Praxis Dr. Reidick, Dr. Scheuren, Dr. Behr die Arztpraxis am Verladeplatz in Gr\u00fcnstadt im Polimedicum.\" \/>\n<meta name=\"robots\" content=\"index, follow, max-snippet:-1, max-image-preview:large, max-video-preview:-1\" \/>\n<link rel=\"canonical\" href=\"https:\/\/www.praxis-reidick-scheuren-behr.de\/index.php\/praxisrundgang\/\" \/>\n<meta property=\"og:locale\" content=\"de_DE\" \/>\n<meta property=\"og:type\" content=\"article\" \/>\n<meta property=\"og:title\" content=\"Praxisrundgang - Praxis Dr. Reidick, Dr. Scheuren, Dr. Behr. Gr\u00fcnstadt.\" \/>\n<meta property=\"og:description\" content=\"Praxisrundgang - Praxis Dr. Reidick, Dr. Scheuren, Dr. Behr die Arztpraxis am Verladeplatz in Gr\u00fcnstadt im Polimedicum.\" \/>\n<meta property=\"og:url\" content=\"https:\/\/www.praxis-reidick-scheuren-behr.de\/index.php\/praxisrundgang\/\" \/>\n<meta property=\"og:site_name\" content=\"Haus\u00e4rztlich-Internistische Praxis Dres. Reidick &amp; Scheuren &amp; Behr - Verladeplatz, Gr\u00fcnstadt, Allgemeinmedizin, Naturheilverfahren, Hom\u00f6opathie, Innere Medizin, Kardiologie\" \/>\n<meta property=\"article:modified_time\" content=\"2021-12-06T14:24:09+00:00\" \/>\n<meta name=\"twitter:card\" content=\"summary_large_image\" \/>\n<meta name=\"twitter:label1\" content=\"Gesch\u00e4tzte Lesezeit\" \/>\n\t<meta name=\"twitter:data1\" content=\"1\u00a0Minute\" \/>\n<script type=\"application\/ld+json\" class=\"yoast-schema-graph\">{\"@context\":\"https:\/\/schema.org\",\"@graph\":[{\"@type\":\"WebPage\",\"@id\":\"https:\/\/www.praxis-reidick-scheuren-behr.de\/index.php\/praxisrundgang\/\",\"url\":\"https:\/\/www.praxis-reidick-scheuren-behr.de\/index.php\/praxisrundgang\/\",\"name\":\"Praxisrundgang - Praxis Dr. Reidick, Dr. Scheuren, Dr. Behr. Gr\u00fcnstadt.\",\"isPartOf\":{\"@id\":\"https:\/\/www.praxis-reidick-scheuren-behr.de\/#website\"},\"datePublished\":\"2021-11-29T14:33:09+00:00\",\"dateModified\":\"2021-12-06T14:24:09+00:00\",\"description\":\"Praxisrundgang - Praxis Dr. Reidick, Dr. Scheuren, Dr. Behr die Arztpraxis am Verladeplatz in Gr\u00fcnstadt im Polimedicum.\",\"breadcrumb\":{\"@id\":\"https:\/\/www.praxis-reidick-scheuren-behr.de\/index.php\/praxisrundgang\/#breadcrumb\"},\"inLanguage\":\"de\",\"potentialAction\":[{\"@type\":\"ReadAction\",\"target\":[\"https:\/\/www.praxis-reidick-scheuren-behr.de\/index.php\/praxisrundgang\/\"]}]},{\"@type\":\"BreadcrumbList\",\"@id\":\"https:\/\/www.praxis-reidick-scheuren-behr.de\/index.php\/praxisrundgang\/#breadcrumb\",\"itemListElement\":[{\"@type\":\"ListItem\",\"position\":1,\"name\":\"Startseite\",\"item\":\"https:\/\/www.praxis-reidick-scheuren-behr.de\/\"},{\"@type\":\"ListItem\",\"position\":2,\"name\":\"Praxisrundgang\"}]},{\"@type\":\"WebSite\",\"@id\":\"https:\/\/www.praxis-reidick-scheuren-behr.de\/#website\",\"url\":\"https:\/\/www.praxis-reidick-scheuren-behr.de\/\",\"name\":\"Haus\u00e4rztlich-Internistische Praxis Dres. Reidick &amp; Scheuren &amp; Behr - Verladeplatz, Gr\u00fcnstadt, Allgemeinmedizin, Naturheilverfahren, Hom\u00f6opathie, Innere Medizin, Kardiologie\",\"description\":\"\",\"potentialAction\":[{\"@type\":\"SearchAction\",\"target\":{\"@type\":\"EntryPoint\",\"urlTemplate\":\"https:\/\/www.praxis-reidick-scheuren-behr.de\/?s={search_term_string}\"},\"query-input\":{\"@type\":\"PropertyValueSpecification\",\"valueRequired\":true,\"valueName\":\"search_term_string\"}}],\"inLanguage\":\"de\"}]}<\/script>\n<!-- \/ Yoast SEO plugin. -->","yoast_head_json":{"title":"Praxisrundgang - Praxis Dr. Reidick, Dr. Scheuren, Dr. Behr. Gr\u00fcnstadt.","description":"Praxisrundgang - Praxis Dr. Reidick, Dr. Scheuren, Dr. Behr die Arztpraxis am Verladeplatz in Gr\u00fcnstadt im Polimedicum.","robots":{"index":"index","follow":"follow","max-snippet":"max-snippet:-1","max-image-preview":"max-image-preview:large","max-video-preview":"max-video-preview:-1"},"canonical":"https:\/\/www.praxis-reidick-scheuren-behr.de\/index.php\/praxisrundgang\/","og_locale":"de_DE","og_type":"article","og_title":"Praxisrundgang - Praxis Dr. Reidick, Dr. Scheuren, Dr. Behr. Gr\u00fcnstadt.","og_description":"Praxisrundgang - Praxis Dr. Reidick, Dr. Scheuren, Dr. Behr die Arztpraxis am Verladeplatz in Gr\u00fcnstadt im Polimedicum.","og_url":"https:\/\/www.praxis-reidick-scheuren-behr.de\/index.php\/praxisrundgang\/","og_site_name":"Haus\u00e4rztlich-Internistische Praxis Dres. Reidick &amp; Scheuren &amp; Behr - Verladeplatz, Gr\u00fcnstadt, Allgemeinmedizin, Naturheilverfahren, Hom\u00f6opathie, Innere Medizin, Kardiologie","article_modified_time":"2021-12-06T14:24:09+00:00","twitter_card":"summary_large_image","twitter_misc":{"Gesch\u00e4tzte Lesezeit":"1\u00a0Minute"},"schema":{"@context":"https:\/\/schema.org","@graph":[{"@type":"WebPage","@id":"https:\/\/www.praxis-reidick-scheuren-behr.de\/index.php\/praxisrundgang\/","url":"https:\/\/www.praxis-reidick-scheuren-behr.de\/index.php\/praxisrundgang\/","name":"Praxisrundgang - Praxis Dr. Reidick, Dr. Scheuren, Dr. Behr. Gr\u00fcnstadt.","isPartOf":{"@id":"https:\/\/www.praxis-reidick-scheuren-behr.de\/#website"},"datePublished":"2021-11-29T14:33:09+00:00","dateModified":"2021-12-06T14:24:09+00:00","description":"Praxisrundgang - Praxis Dr. Reidick, Dr. Scheuren, Dr. Behr die Arztpraxis am Verladeplatz in Gr\u00fcnstadt im Polimedicum.","breadcrumb":{"@id":"https:\/\/www.praxis-reidick-scheuren-behr.de\/index.php\/praxisrundgang\/#breadcrumb"},"inLanguage":"de","potentialAction":[{"@type":"ReadAction","target":["https:\/\/www.praxis-reidick-scheuren-behr.de\/index.php\/praxisrundgang\/"]}]},{"@type":"BreadcrumbList","@id":"https:\/\/www.praxis-reidick-scheuren-behr.de\/index.php\/praxisrundgang\/#breadcrumb","itemListElement":[{"@type":"ListItem","position":1,"name":"Startseite","item":"https:\/\/www.praxis-reidick-scheuren-behr.de\/"},{"@type":"ListItem","position":2,"name":"Praxisrundgang"}]},{"@type":"WebSite","@id":"https:\/\/www.praxis-reidick-scheuren-behr.de\/#website","url":"https:\/\/www.praxis-reidick-scheuren-behr.de\/","name":"Haus\u00e4rztlich-Internistische Praxis Dres. Reidick &amp; Scheuren &amp; Behr - Verladeplatz, Gr\u00fcnstadt, Allgemeinmedizin, Naturheilverfahren, Hom\u00f6opathie, Innere Medizin, Kardiologie","description":"","potentialAction":[{"@type":"SearchAction","target":{"@type":"EntryPoint","urlTemplate":"https:\/\/www.praxis-reidick-scheuren-behr.de\/?s={search_term_string}"},"query-input":{"@type":"PropertyValueSpecification","valueRequired":true,"valueName":"search_term_string"}}],"inLanguage":"de"}]}},"_links":{"self":[{"href":"https:\/\/www.praxis-reidick-scheuren-behr.de\/index.php\/wp-json\/wp\/v2\/pages\/680","targetHints":{"allow":["GET"]}}],"collection":[{"href":"https:\/\/www.praxis-reidick-scheuren-behr.de\/index.php\/wp-json\/wp\/v2\/pages"}],"about":[{"href":"https:\/\/www.praxis-reidick-scheuren-behr.de\/index.php\/wp-json\/wp\/v2\/types\/page"}],"author":[{"embeddable":true,"href":"https:\/\/www.praxis-reidick-scheuren-behr.de\/index.php\/wp-json\/wp\/v2\/users\/1"}],"replies":[{"embeddable":true,"href":"https:\/\/www.praxis-reidick-scheuren-behr.de\/index.php\/wp-json\/wp\/v2\/comments?post=680"}],"version-history":[{"count":14,"href":"https:\/\/www.praxis-reidick-scheuren-behr.de\/index.php\/wp-json\/wp\/v2\/pages\/680\/revisions"}],"predecessor-version":[{"id":893,"href":"https:\/\/www.praxis-reidick-scheuren-behr.de\/index.php\/wp-json\/wp\/v2\/pages\/680\/revisions\/893"}],"wp:attachment":[{"href":"https:\/\/www.praxis-reidick-scheuren-behr.de\/index.php\/wp-json\/wp\/v2\/media?parent=680"}],"curies":[{"name":"wp","href":"https:\/\/api.w.org\/{rel}","templated":true}]}}