{"id":558,"date":"2021-11-27T18:50:58","date_gmt":"2021-11-27T17:50:58","guid":{"rendered":"https:\/\/www.praxis-reidick-scheuren-behr.de\/?page_id=558"},"modified":"2021-12-06T15:17:34","modified_gmt":"2021-12-06T14:17:34","slug":"unser-praxisteam","status":"publish","type":"page","link":"https:\/\/www.praxis-reidick-scheuren-behr.de\/index.php\/unser-praxisteam\/","title":{"rendered":"Unser Praxisteam"},"content":{"rendered":"<p>[vc_row][vc_column]   \n   \n\n<section class=\"sec-padding meet-doctors \">\n    <div class=\"container\">\n        <div class=\"sec-title text-left\">\n            <h2><\/h2>\n            <p>Wir stellen uns vor...<\/p>\n            <span class=\"decor\"><span class=\"inner\"><\/span><\/span>\n        <\/div>\n        <div class=\"clearfix\">\n            <div class=\"team-carousel owl-carousel owl-theme\">\n                                <div class=\"item\">\n                    <div class=\"single-team-member\">\n                        <div class=\"img-box\">\n                            <img loading=\"lazy\" decoding=\"async\" width=\"270\" height=\"250\" src=\"https:\/\/www.praxis-reidick-scheuren-behr.de\/wp-content\/uploads\/2021\/11\/helferin1-270x250.jpg\" class=\"attachment-mediplus_270x250 size-mediplus_270x250 wp-post-image\" alt=\"Medizinische Fachangestellte\" srcset=\"https:\/\/www.praxis-reidick-scheuren-behr.de\/wp-content\/uploads\/2021\/11\/helferin1.jpg 270w, https:\/\/www.praxis-reidick-scheuren-behr.de\/wp-content\/uploads\/2021\/11\/helferin1-70x65.jpg 70w\" sizes=\"auto, (max-width: 270px) 100vw, 270px\" \/>                            <div class=\"overlay\">\n                                <div class=\"box\">\n                                                                        <div class=\"content\">\n                                        <ul>\n                                                                                            <li><a href=\"https:\/\/www.praxis-reidick-scheuren-behr.de\/index.php\/kontakt\/\"><i class=\"fa fa fa-phone\"><\/i><\/a><\/li>\n                                                                                            <li><a href=\"https:\/\/www.praxis-reidick-scheuren-behr.de\/index.php\/kontakt\/\"><i class=\"fa fa fa-envelope\"><\/i><\/a><\/li>\n                                                                                    <\/ul>\n                                    <\/div>\n                                                                    <\/div>\n                            <\/div>\n                        <\/div>\n                        <h3>Margit Happersberger<\/h3>\n                        <span>Medizinische Fachangestellte<\/span>\n                        <p><\/p>\n                        <a href=\"#\" class=\"thm-btn\">Zum Profil<\/a>\n                    <\/div>\n                <\/div>\n                                <div class=\"item\">\n                    <div class=\"single-team-member\">\n                        <div class=\"img-box\">\n                            <img loading=\"lazy\" decoding=\"async\" width=\"270\" height=\"250\" src=\"https:\/\/www.praxis-reidick-scheuren-behr.de\/wp-content\/uploads\/2021\/11\/helferin2-270x250.jpg\" class=\"attachment-mediplus_270x250 size-mediplus_270x250 wp-post-image\" alt=\"Medizinische Fachangestellte\" srcset=\"https:\/\/www.praxis-reidick-scheuren-behr.de\/wp-content\/uploads\/2021\/11\/helferin2.jpg 270w, https:\/\/www.praxis-reidick-scheuren-behr.de\/wp-content\/uploads\/2021\/11\/helferin2-70x65.jpg 70w\" sizes=\"auto, (max-width: 270px) 100vw, 270px\" \/>                            <div class=\"overlay\">\n                                <div class=\"box\">\n                                                                        <div class=\"content\">\n                                        <ul>\n                                                                                            <li><a href=\"https:\/\/www.praxis-reidick-scheuren-behr.de\/index.php\/kontakt\/\"><i class=\"fa fa fa-phone\"><\/i><\/a><\/li>\n                                                                                            <li><a href=\"https:\/\/www.praxis-reidick-scheuren-behr.de\/index.php\/kontakt\/\"><i class=\"fa fa fa-envelope\"><\/i><\/a><\/li>\n                                                                                    <\/ul>\n                                    <\/div>\n                                                                    <\/div>\n                            <\/div>\n                        <\/div>\n                        <h3>Bettina Zengerle<\/h3>\n                        <span>Medizinische Fachangestellte<\/span>\n                        <p><\/p>\n                        <a href=\"#\" class=\"thm-btn\">Zum Profil<\/a>\n                    <\/div>\n                <\/div>\n                                <div class=\"item\">\n                    <div class=\"single-team-member\">\n                        <div class=\"img-box\">\n                            <img loading=\"lazy\" decoding=\"async\" width=\"270\" height=\"250\" src=\"https:\/\/www.praxis-reidick-scheuren-behr.de\/wp-content\/uploads\/2021\/11\/helferin3-270x250.jpg\" class=\"attachment-mediplus_270x250 size-mediplus_270x250 wp-post-image\" alt=\"Medizinische Fachangestellte\" srcset=\"https:\/\/www.praxis-reidick-scheuren-behr.de\/wp-content\/uploads\/2021\/11\/helferin3.jpg 270w, https:\/\/www.praxis-reidick-scheuren-behr.de\/wp-content\/uploads\/2021\/11\/helferin3-70x65.jpg 70w\" sizes=\"auto, (max-width: 270px) 100vw, 270px\" \/>                            <div class=\"overlay\">\n                                <div class=\"box\">\n                                                                        <div class=\"content\">\n                                        <ul>\n                                                                                            <li><a href=\"https:\/\/www.praxis-reidick-scheuren-behr.de\/index.php\/kontakt\/\"><i class=\"fa fa fa-phone\"><\/i><\/a><\/li>\n                                                                                            <li><a href=\"https:\/\/www.praxis-reidick-scheuren-behr.de\/index.php\/kontakt\/\"><i class=\"fa fa fa-envelope\"><\/i><\/a><\/li>\n                                                                                    <\/ul>\n                                    <\/div>\n                                                                    <\/div>\n                            <\/div>\n                        <\/div>\n                        <h3>Iris Schneider<\/h3>\n                        <span>Medizinische Fachangestellte<\/span>\n                        <p><\/p>\n                        <a href=\"#\" class=\"thm-btn\">Zum Profil<\/a>\n                    <\/div>\n                <\/div>\n                                <div class=\"item\">\n                    <div class=\"single-team-member\">\n                        <div class=\"img-box\">\n                            <img loading=\"lazy\" decoding=\"async\" width=\"270\" height=\"250\" src=\"https:\/\/www.praxis-reidick-scheuren-behr.de\/wp-content\/uploads\/2021\/11\/b-270x250.jpg\" class=\"attachment-mediplus_270x250 size-mediplus_270x250 wp-post-image\" alt=\"\" srcset=\"https:\/\/www.praxis-reidick-scheuren-behr.de\/wp-content\/uploads\/2021\/11\/b.jpg 270w, https:\/\/www.praxis-reidick-scheuren-behr.de\/wp-content\/uploads\/2021\/11\/b-70x65.jpg 70w\" sizes=\"auto, (max-width: 270px) 100vw, 270px\" \/>                            <div class=\"overlay\">\n                                <div class=\"box\">\n                                                                        <div class=\"content\">\n                                        <ul>\n                                                                                            <li><a href=\"https:\/\/www.praxis-reidick-scheuren-behr.de\/index.php\/kontakt\/\"><i class=\"fa fa fa-phone\"><\/i><\/a><\/li>\n                                                                                            <li><a href=\"https:\/\/www.praxis-reidick-scheuren-behr.de\/index.php\/kontakt\/\"><i class=\"fa fa fa-envelope\"><\/i><\/a><\/li>\n                                                                                    <\/ul>\n                                    <\/div>\n                                                                    <\/div>\n                            <\/div>\n                        <\/div>\n                        <h3>Andrea Hoffmann-Schulz<\/h3>\n                        <span>Medizinische Fachangestellte<\/span>\n                        <p><\/p>\n                        <a href=\"#\" class=\"thm-btn\">Zum Profil<\/a>\n                    <\/div>\n                <\/div>\n                            <\/div>\n        <\/div>\n    <\/div>\n<\/section>\n\n[\/vc_column][\/vc_row][vc_row][vc_column]\r\n<section class=\"footer-call-to-action\">\r\n    <div class=\"container\">\r\n        <div class=\"row\">\r\n            <div class=\"col-md-9\">\r\n                <h3>Praxis Dres. Reidick &amp; Scheuren &amp; Behr Gr\u00fcnstadt<\/h3>\r\n                <p>Haus\u00e4rztlich-Internistische Praxis<\/p>\r\n            <\/div>\r\n            <div class=\"col-md-3\">\r\n                <a href=\"https:\/\/www.praxis-reidick-scheuren-behr.de\/index.php\/kontakt\/\" class=\"thm-btn inverse pull-right\">KONTAKT AUFNEHMEN<\/a>\r\n            <\/div>\r\n        <\/div>\r\n    <\/div>\r\n<\/section>\r\n\r\n[\/vc_column][\/vc_row]<\/p>\n","protected":false},"excerpt":{"rendered":"<p>[vc_row][vc_column][\/vc_column][\/vc_row][vc_row][vc_column][\/vc_column][\/vc_row]<\/p>\n","protected":false},"author":1,"featured_media":0,"parent":0,"menu_order":0,"comment_status":"closed","ping_status":"closed","template":"tpl-visual_composer.php","meta":{"footnotes":""},"class_list":["post-558","page","type-page","status-publish","hentry"],"yoast_head":"<!-- This site is optimized with the Yoast SEO plugin v25.3.1 - https:\/\/yoast.com\/wordpress\/plugins\/seo\/ -->\n<title>Praxisteam - Praxis Dr. Reidick, Dr. Scheuren, Dr. Behr. Gr\u00fcnstadt.<\/title>\n<meta name=\"description\" content=\"Praxisteam - Praxis Dr. Reidick, Dr. Scheuren, Dr. Behr, die Arztpraxis am Verladeplatz in Gr\u00fcnstadt im Polimedicum.\" \/>\n<meta name=\"robots\" content=\"index, follow, max-snippet:-1, max-image-preview:large, max-video-preview:-1\" \/>\n<link rel=\"canonical\" href=\"https:\/\/www.praxis-reidick-scheuren-behr.de\/index.php\/unser-praxisteam\/\" \/>\n<meta property=\"og:locale\" content=\"de_DE\" \/>\n<meta property=\"og:type\" content=\"article\" \/>\n<meta property=\"og:title\" content=\"Praxisteam - Praxis Dr. Reidick, Dr. Scheuren, Dr. Behr. Gr\u00fcnstadt.\" \/>\n<meta property=\"og:description\" content=\"Praxisteam - Praxis Dr. Reidick, Dr. Scheuren, Dr. Behr, die Arztpraxis am Verladeplatz in Gr\u00fcnstadt im Polimedicum.\" \/>\n<meta property=\"og:url\" content=\"https:\/\/www.praxis-reidick-scheuren-behr.de\/index.php\/unser-praxisteam\/\" \/>\n<meta property=\"og:site_name\" content=\"Haus\u00e4rztlich-Internistische Praxis Dres. Reidick &amp; Scheuren &amp; Behr - Verladeplatz, Gr\u00fcnstadt, Allgemeinmedizin, Naturheilverfahren, Hom\u00f6opathie, Innere Medizin, Kardiologie\" \/>\n<meta property=\"article:modified_time\" content=\"2021-12-06T14:17:34+00:00\" \/>\n<meta name=\"twitter:card\" content=\"summary_large_image\" \/>\n<script type=\"application\/ld+json\" class=\"yoast-schema-graph\">{\"@context\":\"https:\/\/schema.org\",\"@graph\":[{\"@type\":\"WebPage\",\"@id\":\"https:\/\/www.praxis-reidick-scheuren-behr.de\/index.php\/unser-praxisteam\/\",\"url\":\"https:\/\/www.praxis-reidick-scheuren-behr.de\/index.php\/unser-praxisteam\/\",\"name\":\"Praxisteam - Praxis Dr. Reidick, Dr. Scheuren, Dr. Behr. Gr\u00fcnstadt.\",\"isPartOf\":{\"@id\":\"https:\/\/www.praxis-reidick-scheuren-behr.de\/#website\"},\"datePublished\":\"2021-11-27T17:50:58+00:00\",\"dateModified\":\"2021-12-06T14:17:34+00:00\",\"description\":\"Praxisteam - Praxis Dr. Reidick, Dr. Scheuren, Dr. Behr, die Arztpraxis am Verladeplatz in Gr\u00fcnstadt im Polimedicum.\",\"breadcrumb\":{\"@id\":\"https:\/\/www.praxis-reidick-scheuren-behr.de\/index.php\/unser-praxisteam\/#breadcrumb\"},\"inLanguage\":\"de\",\"potentialAction\":[{\"@type\":\"ReadAction\",\"target\":[\"https:\/\/www.praxis-reidick-scheuren-behr.de\/index.php\/unser-praxisteam\/\"]}]},{\"@type\":\"BreadcrumbList\",\"@id\":\"https:\/\/www.praxis-reidick-scheuren-behr.de\/index.php\/unser-praxisteam\/#breadcrumb\",\"itemListElement\":[{\"@type\":\"ListItem\",\"position\":1,\"name\":\"Startseite\",\"item\":\"https:\/\/www.praxis-reidick-scheuren-behr.de\/\"},{\"@type\":\"ListItem\",\"position\":2,\"name\":\"Unser Praxisteam\"}]},{\"@type\":\"WebSite\",\"@id\":\"https:\/\/www.praxis-reidick-scheuren-behr.de\/#website\",\"url\":\"https:\/\/www.praxis-reidick-scheuren-behr.de\/\",\"name\":\"Haus\u00e4rztlich-Internistische Praxis Dres. Reidick &amp; Scheuren &amp; Behr - Verladeplatz, Gr\u00fcnstadt, Allgemeinmedizin, Naturheilverfahren, Hom\u00f6opathie, Innere Medizin, Kardiologie\",\"description\":\"\",\"potentialAction\":[{\"@type\":\"SearchAction\",\"target\":{\"@type\":\"EntryPoint\",\"urlTemplate\":\"https:\/\/www.praxis-reidick-scheuren-behr.de\/?s={search_term_string}\"},\"query-input\":{\"@type\":\"PropertyValueSpecification\",\"valueRequired\":true,\"valueName\":\"search_term_string\"}}],\"inLanguage\":\"de\"}]}<\/script>\n<!-- \/ Yoast SEO plugin. -->","yoast_head_json":{"title":"Praxisteam - Praxis Dr. Reidick, Dr. Scheuren, Dr. Behr. Gr\u00fcnstadt.","description":"Praxisteam - Praxis Dr. Reidick, Dr. Scheuren, Dr. Behr, die Arztpraxis am Verladeplatz in Gr\u00fcnstadt im Polimedicum.","robots":{"index":"index","follow":"follow","max-snippet":"max-snippet:-1","max-image-preview":"max-image-preview:large","max-video-preview":"max-video-preview:-1"},"canonical":"https:\/\/www.praxis-reidick-scheuren-behr.de\/index.php\/unser-praxisteam\/","og_locale":"de_DE","og_type":"article","og_title":"Praxisteam - Praxis Dr. Reidick, Dr. Scheuren, Dr. Behr. Gr\u00fcnstadt.","og_description":"Praxisteam - Praxis Dr. Reidick, Dr. Scheuren, Dr. Behr, die Arztpraxis am Verladeplatz in Gr\u00fcnstadt im Polimedicum.","og_url":"https:\/\/www.praxis-reidick-scheuren-behr.de\/index.php\/unser-praxisteam\/","og_site_name":"Haus\u00e4rztlich-Internistische Praxis Dres. Reidick &amp; Scheuren &amp; Behr - Verladeplatz, Gr\u00fcnstadt, Allgemeinmedizin, Naturheilverfahren, Hom\u00f6opathie, Innere Medizin, Kardiologie","article_modified_time":"2021-12-06T14:17:34+00:00","twitter_card":"summary_large_image","schema":{"@context":"https:\/\/schema.org","@graph":[{"@type":"WebPage","@id":"https:\/\/www.praxis-reidick-scheuren-behr.de\/index.php\/unser-praxisteam\/","url":"https:\/\/www.praxis-reidick-scheuren-behr.de\/index.php\/unser-praxisteam\/","name":"Praxisteam - Praxis Dr. Reidick, Dr. Scheuren, Dr. Behr. Gr\u00fcnstadt.","isPartOf":{"@id":"https:\/\/www.praxis-reidick-scheuren-behr.de\/#website"},"datePublished":"2021-11-27T17:50:58+00:00","dateModified":"2021-12-06T14:17:34+00:00","description":"Praxisteam - Praxis Dr. Reidick, Dr. Scheuren, Dr. Behr, die Arztpraxis am Verladeplatz in Gr\u00fcnstadt im Polimedicum.","breadcrumb":{"@id":"https:\/\/www.praxis-reidick-scheuren-behr.de\/index.php\/unser-praxisteam\/#breadcrumb"},"inLanguage":"de","potentialAction":[{"@type":"ReadAction","target":["https:\/\/www.praxis-reidick-scheuren-behr.de\/index.php\/unser-praxisteam\/"]}]},{"@type":"BreadcrumbList","@id":"https:\/\/www.praxis-reidick-scheuren-behr.de\/index.php\/unser-praxisteam\/#breadcrumb","itemListElement":[{"@type":"ListItem","position":1,"name":"Startseite","item":"https:\/\/www.praxis-reidick-scheuren-behr.de\/"},{"@type":"ListItem","position":2,"name":"Unser Praxisteam"}]},{"@type":"WebSite","@id":"https:\/\/www.praxis-reidick-scheuren-behr.de\/#website","url":"https:\/\/www.praxis-reidick-scheuren-behr.de\/","name":"Haus\u00e4rztlich-Internistische Praxis Dres. Reidick &amp; Scheuren &amp; Behr - Verladeplatz, Gr\u00fcnstadt, Allgemeinmedizin, Naturheilverfahren, Hom\u00f6opathie, Innere Medizin, Kardiologie","description":"","potentialAction":[{"@type":"SearchAction","target":{"@type":"EntryPoint","urlTemplate":"https:\/\/www.praxis-reidick-scheuren-behr.de\/?s={search_term_string}"},"query-input":{"@type":"PropertyValueSpecification","valueRequired":true,"valueName":"search_term_string"}}],"inLanguage":"de"}]}},"_links":{"self":[{"href":"https:\/\/www.praxis-reidick-scheuren-behr.de\/index.php\/wp-json\/wp\/v2\/pages\/558","targetHints":{"allow":["GET"]}}],"collection":[{"href":"https:\/\/www.praxis-reidick-scheuren-behr.de\/index.php\/wp-json\/wp\/v2\/pages"}],"about":[{"href":"https:\/\/www.praxis-reidick-scheuren-behr.de\/index.php\/wp-json\/wp\/v2\/types\/page"}],"author":[{"embeddable":true,"href":"https:\/\/www.praxis-reidick-scheuren-behr.de\/index.php\/wp-json\/wp\/v2\/users\/1"}],"replies":[{"embeddable":true,"href":"https:\/\/www.praxis-reidick-scheuren-behr.de\/index.php\/wp-json\/wp\/v2\/comments?post=558"}],"version-history":[{"count":6,"href":"https:\/\/www.praxis-reidick-scheuren-behr.de\/index.php\/wp-json\/wp\/v2\/pages\/558\/revisions"}],"predecessor-version":[{"id":692,"href":"https:\/\/www.praxis-reidick-scheuren-behr.de\/index.php\/wp-json\/wp\/v2\/pages\/558\/revisions\/692"}],"wp:attachment":[{"href":"https:\/\/www.praxis-reidick-scheuren-behr.de\/index.php\/wp-json\/wp\/v2\/media?parent=558"}],"curies":[{"name":"wp","href":"https:\/\/api.w.org\/{rel}","templated":true}]}}